{"id":1869,"date":"2020-10-29T13:39:42","date_gmt":"2020-10-29T11:39:42","guid":{"rendered":"http:\/\/31.217.196.198\/~arpmbetj\/?page_id=1869"},"modified":"2020-10-29T13:41:15","modified_gmt":"2020-10-29T11:41:15","slug":"privacy-terms","status":"publish","type":"page","link":"https:\/\/iml.fi\/en\/privacy-terms\/","title":{"rendered":"Privacy policy"},"content":{"rendered":"\t\t<div data-elementor-type=\"wp-page\" data-elementor-id=\"1869\" class=\"elementor elementor-1869\" data-elementor-post-type=\"page\">\n\t\t\t\t\t\t<section class=\"elementor-section elementor-top-section elementor-element elementor-element-5070654 elementor-section-boxed elementor-section-height-default elementor-section-height-default\" data-id=\"5070654\" data-element_type=\"section\" data-e-type=\"section\" data-settings=\"{&quot;jet_parallax_layout_list&quot;:[{&quot;jet_parallax_layout_image&quot;:{&quot;url&quot;:&quot;&quot;,&quot;id&quot;:&quot;&quot;,&quot;size&quot;:&quot;&quot;},&quot;_id&quot;:&quot;e562910&quot;,&quot;jet_parallax_layout_image_tablet&quot;:{&quot;url&quot;:&quot;&quot;,&quot;id&quot;:&quot;&quot;,&quot;size&quot;:&quot;&quot;},&quot;jet_parallax_layout_image_mobile&quot;:{&quot;url&quot;:&quot;&quot;,&quot;id&quot;:&quot;&quot;,&quot;size&quot;:&quot;&quot;},&quot;jet_parallax_layout_speed&quot;:{&quot;unit&quot;:&quot;%&quot;,&quot;size&quot;:50,&quot;sizes&quot;:[]},&quot;jet_parallax_layout_type&quot;:&quot;scroll&quot;,&quot;jet_parallax_layout_direction&quot;:&quot;1&quot;,&quot;jet_parallax_layout_fx_direction&quot;:null,&quot;jet_parallax_layout_z_index&quot;:&quot;&quot;,&quot;jet_parallax_layout_bg_x&quot;:50,&quot;jet_parallax_layout_bg_x_tablet&quot;:&quot;&quot;,&quot;jet_parallax_layout_bg_x_mobile&quot;:&quot;&quot;,&quot;jet_parallax_layout_bg_y&quot;:50,&quot;jet_parallax_layout_bg_y_tablet&quot;:&quot;&quot;,&quot;jet_parallax_layout_bg_y_mobile&quot;:&quot;&quot;,&quot;jet_parallax_layout_bg_size&quot;:&quot;auto&quot;,&quot;jet_parallax_layout_bg_size_tablet&quot;:&quot;&quot;,&quot;jet_parallax_layout_bg_size_mobile&quot;:&quot;&quot;,&quot;jet_parallax_layout_animation_prop&quot;:&quot;transform&quot;,&quot;jet_parallax_layout_on&quot;:[&quot;desktop&quot;,&quot;tablet&quot;]}],&quot;background_background&quot;:&quot;classic&quot;}\">\n\t\t\t\t\t\t\t<div class=\"elementor-background-overlay\"><\/div>\n\t\t\t\t\t\t\t<div class=\"elementor-container elementor-column-gap-default\">\n\t\t\t\t\t<div class=\"elementor-column elementor-col-100 elementor-top-column elementor-element elementor-element-b6be950\" data-id=\"b6be950\" data-element_type=\"column\" data-e-type=\"column\">\n\t\t\t<div class=\"elementor-widget-wrap elementor-element-populated\">\n\t\t\t\t\t\t<section class=\"elementor-section elementor-inner-section elementor-element elementor-element-97171ee elementor-section-full_width elementor-section-height-default elementor-section-height-default\" data-id=\"97171ee\" data-element_type=\"section\" data-e-type=\"section\" data-settings=\"{&quot;jet_parallax_layout_list&quot;:[{&quot;jet_parallax_layout_image&quot;:{&quot;url&quot;:&quot;&quot;,&quot;id&quot;:&quot;&quot;,&quot;size&quot;:&quot;&quot;},&quot;_id&quot;:&quot;5f4a213&quot;,&quot;jet_parallax_layout_image_tablet&quot;:{&quot;url&quot;:&quot;&quot;,&quot;id&quot;:&quot;&quot;,&quot;size&quot;:&quot;&quot;},&quot;jet_parallax_layout_image_mobile&quot;:{&quot;url&quot;:&quot;&quot;,&quot;id&quot;:&quot;&quot;,&quot;size&quot;:&quot;&quot;},&quot;jet_parallax_layout_speed&quot;:{&quot;unit&quot;:&quot;%&quot;,&quot;size&quot;:50,&quot;sizes&quot;:[]},&quot;jet_parallax_layout_type&quot;:&quot;scroll&quot;,&quot;jet_parallax_layout_direction&quot;:&quot;1&quot;,&quot;jet_parallax_layout_fx_direction&quot;:null,&quot;jet_parallax_layout_z_index&quot;:&quot;&quot;,&quot;jet_parallax_layout_bg_x&quot;:50,&quot;jet_parallax_layout_bg_x_tablet&quot;:&quot;&quot;,&quot;jet_parallax_layout_bg_x_mobile&quot;:&quot;&quot;,&quot;jet_parallax_layout_bg_y&quot;:50,&quot;jet_parallax_layout_bg_y_tablet&quot;:&quot;&quot;,&quot;jet_parallax_layout_bg_y_mobile&quot;:&quot;&quot;,&quot;jet_parallax_layout_bg_size&quot;:&quot;auto&quot;,&quot;jet_parallax_layout_bg_size_tablet&quot;:&quot;&quot;,&quot;jet_parallax_layout_bg_size_mobile&quot;:&quot;&quot;,&quot;jet_parallax_layout_animation_prop&quot;:&quot;transform&quot;,&quot;jet_parallax_layout_on&quot;:[&quot;desktop&quot;,&quot;tablet&quot;]}]}\">\n\t\t\t\t\t\t<div class=\"elementor-container elementor-column-gap-default\">\n\t\t\t\t\t<div class=\"elementor-column elementor-col-50 elementor-inner-column elementor-element elementor-element-e0c8d01\" data-id=\"e0c8d01\" data-element_type=\"column\" data-e-type=\"column\">\n\t\t\t<div class=\"elementor-widget-wrap elementor-element-populated\">\n\t\t\t\t\t\t<div class=\"elementor-element elementor-element-ca52cf7 elementor-widget elementor-widget-heading\" data-id=\"ca52cf7\" data-element_type=\"widget\" data-e-type=\"widget\" data-widget_type=\"heading.default\">\n\t\t\t\t<div class=\"elementor-widget-container\">\n\t\t\t\t\t<h2 class=\"elementor-heading-title elementor-size-default\">Tietosuojaseloste<\/h2>\t\t\t\t<\/div>\n\t\t\t\t<\/div>\n\t\t\t\t<div class=\"elementor-element elementor-element-f90655a elementor-widget elementor-widget-text-editor\" data-id=\"f90655a\" data-element_type=\"widget\" data-e-type=\"widget\" data-widget_type=\"text-editor.default\">\n\t\t\t\t<div class=\"elementor-widget-container\">\n\t\t\t\t\t\t\t\t\t<p>P\u00e4ivitetty viimeksi 29.10.2020<\/p>\t\t\t\t\t\t\t\t<\/div>\n\t\t\t\t<\/div>\n\t\t\t\t\t<\/div>\n\t\t<\/div>\n\t\t\t\t<div class=\"elementor-column elementor-col-50 elementor-inner-column elementor-element elementor-element-db8c41f\" data-id=\"db8c41f\" data-element_type=\"column\" data-e-type=\"column\">\n\t\t\t<div class=\"elementor-widget-wrap\">\n\t\t\t\t\t\t\t<\/div>\n\t\t<\/div>\n\t\t\t\t\t<\/div>\n\t\t<\/section>\n\t\t\t\t\t<\/div>\n\t\t<\/div>\n\t\t\t\t\t<\/div>\n\t\t<\/section>\n\t\t\t\t<section class=\"elementor-section elementor-top-section elementor-element elementor-element-a918e6e overflaw-hidden elementor-section-content-middle elementor-section-boxed elementor-section-height-default elementor-section-height-default\" data-id=\"a918e6e\" data-element_type=\"section\" data-e-type=\"section\" data-settings=\"{&quot;jet_parallax_layout_list&quot;:[{&quot;jet_parallax_layout_image&quot;:{&quot;url&quot;:&quot;&quot;,&quot;id&quot;:&quot;&quot;,&quot;size&quot;:&quot;&quot;},&quot;_id&quot;:&quot;356fefc&quot;,&quot;jet_parallax_layout_image_tablet&quot;:{&quot;url&quot;:&quot;&quot;,&quot;id&quot;:&quot;&quot;,&quot;size&quot;:&quot;&quot;},&quot;jet_parallax_layout_image_mobile&quot;:{&quot;url&quot;:&quot;&quot;,&quot;id&quot;:&quot;&quot;,&quot;size&quot;:&quot;&quot;},&quot;jet_parallax_layout_speed&quot;:{&quot;unit&quot;:&quot;%&quot;,&quot;size&quot;:50,&quot;sizes&quot;:[]},&quot;jet_parallax_layout_type&quot;:&quot;scroll&quot;,&quot;jet_parallax_layout_direction&quot;:&quot;1&quot;,&quot;jet_parallax_layout_fx_direction&quot;:null,&quot;jet_parallax_layout_z_index&quot;:&quot;&quot;,&quot;jet_parallax_layout_bg_x&quot;:50,&quot;jet_parallax_layout_bg_x_tablet&quot;:&quot;&quot;,&quot;jet_parallax_layout_bg_x_mobile&quot;:&quot;&quot;,&quot;jet_parallax_layout_bg_y&quot;:50,&quot;jet_parallax_layout_bg_y_tablet&quot;:&quot;&quot;,&quot;jet_parallax_layout_bg_y_mobile&quot;:&quot;&quot;,&quot;jet_parallax_layout_bg_size&quot;:&quot;auto&quot;,&quot;jet_parallax_layout_bg_size_tablet&quot;:&quot;&quot;,&quot;jet_parallax_layout_bg_size_mobile&quot;:&quot;&quot;,&quot;jet_parallax_layout_animation_prop&quot;:&quot;transform&quot;,&quot;jet_parallax_layout_on&quot;:[&quot;desktop&quot;,&quot;tablet&quot;]}],&quot;background_background&quot;:&quot;classic&quot;}\">\n\t\t\t\t\t\t\t<div class=\"elementor-background-overlay\"><\/div>\n\t\t\t\t\t\t\t<div class=\"elementor-container elementor-column-gap-default\">\n\t\t\t\t\t<div class=\"elementor-column elementor-col-50 elementor-top-column elementor-element elementor-element-a119980\" data-id=\"a119980\" data-element_type=\"column\" data-e-type=\"column\">\n\t\t\t<div class=\"elementor-widget-wrap elementor-element-populated\">\n\t\t\t\t\t\t<div class=\"elementor-element elementor-element-0c27400 elementor-widget elementor-widget-heading\" data-id=\"0c27400\" data-element_type=\"widget\" data-e-type=\"widget\" data-widget_type=\"heading.default\">\n\t\t\t\t<div class=\"elementor-widget-container\">\n\t\t\t\t\t<h2 class=\"elementor-heading-title elementor-size-default\">Tietosuojaseloste<\/h2>\t\t\t\t<\/div>\n\t\t\t\t<\/div>\n\t\t\t\t<div class=\"elementor-element elementor-element-ee8045b elementor-widget elementor-widget-text-editor\" data-id=\"ee8045b\" data-element_type=\"widget\" data-e-type=\"widget\" data-widget_type=\"text-editor.default\">\n\t\t\t\t<div class=\"elementor-widget-container\">\n\t\t\t\t\t\t\t\t\t<p><span style=\"font-weight: 400;\">HENKIL\u00d6TIETOLAIN MUKAINEN REKISTERISELOSTE<\/span><\/p><p><span style=\"font-weight: 400;\">Viimeksi p\u00e4ivitetty 28.10.2020<\/span><\/p><p><span style=\"font-weight: 400;\">Rekisterinpit\u00e4j\u00e4<\/span><\/p><p><span style=\"font-weight: 400;\">Ilmastointimittaus Lind Oy<\/span><\/p><p><span style=\"font-weight: 400;\">M\u00e4kel\u00e4nkatu 58, 00500 Helsinki, Suomi<\/span><\/p><p><span style=\"font-weight: 400;\">+358 50 533 9931<\/span><\/p><p><span style=\"font-weight: 400;\">iiro.pietila [at] iml.fi<\/span><\/p><p><span style=\"font-weight: 400;\">Yhteyshenkil\u00f6 rekisteri\u00e4 koskevissa asioissa<\/span><\/p><p><span style=\"font-weight: 400;\">Iiro Pietil\u00e4\u00a0<\/span><\/p><p><span style=\"font-weight: 400;\">Partner\/ myynti<\/span><\/p><p><span style=\"font-weight: 400;\">M\u00e4kel\u00e4nkatu 58, 00500 Helsinki, Suomi<\/span><\/p><p><span style=\"font-weight: 400;\">+358 50 533 9931<\/span><\/p><p><span style=\"font-weight: 400;\">iiro.pietila [at] iml.fi<\/span><\/p><p><span style=\"font-weight: 400;\">Rekisterin nimi<\/span><\/p><p><span style=\"font-weight: 400;\">ImL Oy:n asiakas ja -markkinointirekisteri<\/span><\/p><p><span style=\"font-weight: 400;\">Henkil\u00f6tietojen k\u00e4sittelyn tarkoitus<\/span><\/p><p><span style=\"font-weight: 400;\">Henkil\u00f6tietoja k\u00e4sitell\u00e4\u00e4n ImL Oy:n palveluiden toimittamiseksi sek\u00e4 n\u00e4iden<\/span><\/p><p><span style=\"font-weight: 400;\">palvelujen markkinointiin ja viestint\u00e4\u00e4n.<\/span><\/p><p><span style=\"font-weight: 400;\">Ajantasainen lista kaikista ImL Oy:n tarjoamista palveluista on aina n\u00e4ht\u00e4viss\u00e4<\/span><\/p><p><span style=\"font-weight: 400;\">osoitteessa iml.fi.<\/span><\/p><p><span style=\"font-weight: 400;\">Rekisterin tietosis\u00e4lt\u00f6<\/span><\/p><p><span style=\"font-weight: 400;\">Seuraavat tiedot voivat sis\u00e4lty\u00e4 rekisteriin. Jokaisesta k\u00e4ytt\u00e4j\u00e4st\u00e4 ei v\u00e4ltt\u00e4m\u00e4tt\u00e4 ole kaikkia alla mainittuja tietoja.<\/span><\/p><p><span style=\"font-weight: 400;\">Nimi<\/span><\/p><p><span style=\"font-weight: 400;\">S\u00e4hk\u00f6postiosoite<\/span><\/p><p><span style=\"font-weight: 400;\">Puhelinnumero<\/span><\/p><p><span style=\"font-weight: 400;\">Ty\u00f6teht\u00e4v\u00e4t<\/span><\/p><p><span style=\"font-weight: 400;\">Yritys\/organisaatio<\/span><\/p><p><span style=\"font-weight: 400;\">Laskutustiedot ja -osoite<\/span><\/p><p><span style=\"font-weight: 400;\">Sijainti<\/span><\/p><p><span style=\"font-weight: 400;\">Y-tunnus<\/span><\/p><p><span style=\"font-weight: 400;\">Muut tiedot, jotka k\u00e4ytt\u00e4j\u00e4 on itse sy\u00f6tt\u00e4nyt lomakkeelle ImL Oy:n verkkosivuilla<\/span><\/p><p><span style=\"font-weight: 400;\">S\u00e4\u00e4nn\u00f6nmukaiset tietol\u00e4hteet<\/span><\/p><p><span style=\"font-weight: 400;\">K\u00e4ytt\u00e4jien luovuttamat tiedot<\/span><\/p><p><span style=\"font-weight: 400;\">Julkiset tietol\u00e4hteet<\/span><\/p><p><span style=\"font-weight: 400;\">Tilaisuudet ja tapahtumat osana ImL:n markkinointia<\/span><\/p><p><span style=\"font-weight: 400;\">Tietojen s\u00e4\u00e4nn\u00f6nmukaiset luovutukset<\/span><\/p><p><span style=\"font-weight: 400;\">Tietoja ei luovuteta eteenp\u00e4in, paitsi viranomaistoimien niin edellytt\u00e4ess\u00e4.<\/span><\/p><p><span style=\"font-weight: 400;\">Tietojen siirto EU:n tai ETA:n ulkopuolelle<\/span><\/p><p><span style=\"font-weight: 400;\">Tietoja voidaan siirt\u00e4\u00e4 henkil\u00f6tietolain sallimissa rajoissa EU:n tai ETA:n ulkopuolelle tietojen k\u00e4sittelyn teknisen toteuttamisen vuoksi.<\/span><\/p><p><span style=\"font-weight: 400;\">Rekisterin suojauksen periaatteet<\/span><\/p><p><span style=\"font-weight: 400;\">S\u00e4hk\u00f6inen asiakas- ja markkinointirekisteri on suojattu salasanoilla ja rekisteriin p\u00e4\u00e4sev\u00e4t vain ImL Oy:n erikseen valtuuttamat henkil\u00f6t.<\/span><\/p><p><span style=\"font-weight: 400;\">Kaikkia, joilla on p\u00e4\u00e4sy tietoihin, sitoo salassapitovelvollisuus.<\/span><\/p><p><span style=\"font-weight: 400;\">K\u00e4ytt\u00e4j\u00e4n oikeudet<\/span><\/p><p><span style=\"font-weight: 400;\">Sinulla on lain sallimissa puitteissa oikeus tarkastaa, mit\u00e4 tietoja olemme sinusta ker\u00e4nneet.\u00a0<\/span><\/p><p><span style=\"font-weight: 400;\">Sinulla on oikeus lain sallimissa puitteissa vaatia virheellisen, tarpeettoman, puutteellisen tai vanhentuneen henkil\u00f6tiedon korjaamista tai poistamista.<\/span><\/p><p><span style=\"font-weight: 400;\">Jokaisessa l\u00e4hett\u00e4m\u00e4ss\u00e4mme suorapostissa on linkki, josta vastaanottaja voi est\u00e4\u00e4 suorapostitukset jatkossa. Voit my\u00f6s kielt\u00e4\u00e4 ImL Oy:t\u00e4<\/span><\/p><p><span style=\"font-weight: 400;\">k\u00e4sittelem\u00e4st\u00e4 itse\u00e4si koskevia tietoja suoramarkkinointiin l\u00e4hett\u00e4m\u00e4ll\u00e4 s\u00e4hk\u00f6postia osoitteeseen seedi[at]seedi.fi.<\/span><\/p><p><span style=\"font-weight: 400;\">TIEDUSTELUT<\/span><\/p><p><span style=\"font-weight: 400;\">Iiro Pietil\u00e4<\/span><\/p><p><span style=\"font-weight: 400;\">+358 50 533 9931<\/span><\/p>\t\t\t\t\t\t\t\t<\/div>\n\t\t\t\t<\/div>\n\t\t\t\t<div class=\"elementor-element elementor-element-10a2a41 elementor-absolute elementor-widget elementor-widget-image\" data-id=\"10a2a41\" data-element_type=\"widget\" data-e-type=\"widget\" data-settings=\"{&quot;_position&quot;:&quot;absolute&quot;}\" data-widget_type=\"image.default\">\n\t\t\t\t<div class=\"elementor-widget-container\">\n\t\t\t\t\t\t\t\t\t\t\t\t\t\t\t<img fetchpriority=\"high\" decoding=\"async\" width=\"800\" height=\"763\" src=\"https:\/\/iml.fi\/wp-content\/uploads\/2020\/10\/Rectangle-Copy-29@2x-1024x977.png\" class=\"attachment-large size-large wp-image-725\" alt=\"\" srcset=\"https:\/\/iml.fi\/wp-content\/uploads\/2020\/10\/Rectangle-Copy-29@2x-1024x977.png 1024w, https:\/\/iml.fi\/wp-content\/uploads\/2020\/10\/Rectangle-Copy-29@2x-300x286.png 300w, https:\/\/iml.fi\/wp-content\/uploads\/2020\/10\/Rectangle-Copy-29@2x-768x733.png 768w, https:\/\/iml.fi\/wp-content\/uploads\/2020\/10\/Rectangle-Copy-29@2x.png 1047w\" sizes=\"(max-width: 800px) 100vw, 800px\" \/>\t\t\t\t\t\t\t\t\t\t\t\t\t\t\t<\/div>\n\t\t\t\t<\/div>\n\t\t\t\t\t<\/div>\n\t\t<\/div>\n\t\t\t\t<div class=\"elementor-column elementor-col-50 elementor-top-column elementor-element elementor-element-ced2d5f\" data-id=\"ced2d5f\" data-element_type=\"column\" data-e-type=\"column\">\n\t\t\t<div class=\"elementor-widget-wrap\">\n\t\t\t\t\t\t\t<\/div>\n\t\t<\/div>\n\t\t\t\t\t<\/div>\n\t\t<\/section>\n\t\t\t\t<\/div>\n\t\t","protected":false},"excerpt":{"rendered":"<p>Tietosuojaseloste P\u00e4ivitetty viimeksi 29.10.2020 Tietosuojaseloste HENKIL\u00d6TIETOLAIN MUKAINEN REKISTERISELOSTE Viimeksi p\u00e4ivitetty 28.10.2020 Rekisterinpit\u00e4j\u00e4 Ilmastointimittaus Lind Oy M\u00e4kel\u00e4nkatu 58, 00500 Helsinki, Suomi +358 50 533 9931 iiro.pietila [at] iml.fi Yhteyshenkil\u00f6 rekisteri\u00e4 koskevissa asioissa Iiro Pietil\u00e4\u00a0 Partner\/ myynti M\u00e4kel\u00e4nkatu 58, 00500 Helsinki, Suomi +358 50 533 9931 iiro.pietila [at] iml.fi Rekisterin nimi ImL Oy:n asiakas ja -markkinointirekisteri Henkil\u00f6tietojen [&hellip;]<\/p>\n","protected":false},"author":1,"featured_media":0,"parent":0,"menu_order":0,"comment_status":"closed","ping_status":"closed","template":"","meta":{"footnotes":""},"class_list":["post-1869","page","type-page","status-publish","hentry"],"_links":{"self":[{"href":"https:\/\/iml.fi\/en\/wp-json\/wp\/v2\/pages\/1869","targetHints":{"allow":["GET"]}}],"collection":[{"href":"https:\/\/iml.fi\/en\/wp-json\/wp\/v2\/pages"}],"about":[{"href":"https:\/\/iml.fi\/en\/wp-json\/wp\/v2\/types\/page"}],"author":[{"embeddable":true,"href":"https:\/\/iml.fi\/en\/wp-json\/wp\/v2\/users\/1"}],"replies":[{"embeddable":true,"href":"https:\/\/iml.fi\/en\/wp-json\/wp\/v2\/comments?post=1869"}],"version-history":[{"count":3,"href":"https:\/\/iml.fi\/en\/wp-json\/wp\/v2\/pages\/1869\/revisions"}],"predecessor-version":[{"id":1872,"href":"https:\/\/iml.fi\/en\/wp-json\/wp\/v2\/pages\/1869\/revisions\/1872"}],"wp:attachment":[{"href":"https:\/\/iml.fi\/en\/wp-json\/wp\/v2\/media?parent=1869"}],"curies":[{"name":"wp","href":"https:\/\/api.w.org\/{rel}","templated":true}]}}