{"id":2417,"date":"2024-06-26T15:15:58","date_gmt":"2024-06-26T12:15:58","guid":{"rendered":"https:\/\/iml.fi\/?page_id=2417"},"modified":"2026-02-16T16:25:59","modified_gmt":"2026-02-16T14:25:59","slug":"iml-consulting-ja-expert-service","status":"publish","type":"page","link":"https:\/\/iml.fi\/en\/iml-consulting-ja-expert-service\/","title":{"rendered":"IML-Consulting &amp; Expert Services"},"content":{"rendered":"\t\t<div data-elementor-type=\"wp-page\" data-elementor-id=\"2417\" class=\"elementor elementor-2417\" data-elementor-post-type=\"page\">\n\t\t\t\t<div class=\"elementor-element elementor-element-77d3f44 e-flex e-con-boxed e-con e-parent\" data-id=\"77d3f44\" data-element_type=\"container\" data-e-type=\"container\" id=\"consulting\" data-settings=\"{&quot;jet_parallax_layout_list&quot;:[{&quot;jet_parallax_layout_image&quot;:{&quot;url&quot;:&quot;&quot;,&quot;id&quot;:&quot;&quot;,&quot;size&quot;:&quot;&quot;},&quot;_id&quot;:&quot;e562910&quot;,&quot;jet_parallax_layout_image_tablet&quot;:{&quot;url&quot;:&quot;&quot;,&quot;id&quot;:&quot;&quot;,&quot;size&quot;:&quot;&quot;},&quot;jet_parallax_layout_image_mobile&quot;:{&quot;url&quot;:&quot;&quot;,&quot;id&quot;:&quot;&quot;,&quot;size&quot;:&quot;&quot;},&quot;jet_parallax_layout_speed&quot;:{&quot;unit&quot;:&quot;%&quot;,&quot;size&quot;:50,&quot;sizes&quot;:[]},&quot;jet_parallax_layout_type&quot;:&quot;scroll&quot;,&quot;jet_parallax_layout_direction&quot;:&quot;1&quot;,&quot;jet_parallax_layout_fx_direction&quot;:null,&quot;jet_parallax_layout_z_index&quot;:&quot;&quot;,&quot;jet_parallax_layout_bg_x&quot;:50,&quot;jet_parallax_layout_bg_x_tablet&quot;:&quot;&quot;,&quot;jet_parallax_layout_bg_x_mobile&quot;:&quot;&quot;,&quot;jet_parallax_layout_bg_y&quot;:50,&quot;jet_parallax_layout_bg_y_tablet&quot;:&quot;&quot;,&quot;jet_parallax_layout_bg_y_mobile&quot;:&quot;&quot;,&quot;jet_parallax_layout_bg_size&quot;:&quot;auto&quot;,&quot;jet_parallax_layout_bg_size_tablet&quot;:&quot;&quot;,&quot;jet_parallax_layout_bg_size_mobile&quot;:&quot;&quot;,&quot;jet_parallax_layout_animation_prop&quot;:&quot;transform&quot;,&quot;jet_parallax_layout_on&quot;:[&quot;desktop&quot;,&quot;tablet&quot;]}],&quot;background_background&quot;:&quot;classic&quot;}\">\n\t\t\t\t\t<div class=\"e-con-inner\">\n\t\t<div class=\"elementor-element elementor-element-ec0f8ea e-con-full e-flex e-con e-child\" data-id=\"ec0f8ea\" data-element_type=\"container\" data-e-type=\"container\" data-settings=\"{&quot;jet_parallax_layout_list&quot;:[]}\">\n\t\t<div class=\"elementor-element elementor-element-3343735 e-con-full e-flex e-con e-child\" data-id=\"3343735\" data-element_type=\"container\" data-e-type=\"container\" data-settings=\"{&quot;jet_parallax_layout_list&quot;:[{&quot;jet_parallax_layout_image&quot;:{&quot;url&quot;:&quot;&quot;,&quot;id&quot;:&quot;&quot;,&quot;size&quot;:&quot;&quot;},&quot;_id&quot;:&quot;5f4a213&quot;,&quot;jet_parallax_layout_image_tablet&quot;:{&quot;url&quot;:&quot;&quot;,&quot;id&quot;:&quot;&quot;,&quot;size&quot;:&quot;&quot;},&quot;jet_parallax_layout_image_mobile&quot;:{&quot;url&quot;:&quot;&quot;,&quot;id&quot;:&quot;&quot;,&quot;size&quot;:&quot;&quot;},&quot;jet_parallax_layout_speed&quot;:{&quot;unit&quot;:&quot;%&quot;,&quot;size&quot;:50,&quot;sizes&quot;:[]},&quot;jet_parallax_layout_type&quot;:&quot;scroll&quot;,&quot;jet_parallax_layout_direction&quot;:&quot;1&quot;,&quot;jet_parallax_layout_fx_direction&quot;:null,&quot;jet_parallax_layout_z_index&quot;:&quot;&quot;,&quot;jet_parallax_layout_bg_x&quot;:50,&quot;jet_parallax_layout_bg_x_tablet&quot;:&quot;&quot;,&quot;jet_parallax_layout_bg_x_mobile&quot;:&quot;&quot;,&quot;jet_parallax_layout_bg_y&quot;:50,&quot;jet_parallax_layout_bg_y_tablet&quot;:&quot;&quot;,&quot;jet_parallax_layout_bg_y_mobile&quot;:&quot;&quot;,&quot;jet_parallax_layout_bg_size&quot;:&quot;auto&quot;,&quot;jet_parallax_layout_bg_size_tablet&quot;:&quot;&quot;,&quot;jet_parallax_layout_bg_size_mobile&quot;:&quot;&quot;,&quot;jet_parallax_layout_animation_prop&quot;:&quot;transform&quot;,&quot;jet_parallax_layout_on&quot;:[&quot;desktop&quot;,&quot;tablet&quot;]}]}\">\n\t\t<div class=\"elementor-element elementor-element-e9c3ee6 e-con-full e-flex e-con e-child\" data-id=\"e9c3ee6\" data-element_type=\"container\" data-e-type=\"container\" data-settings=\"{&quot;jet_parallax_layout_list&quot;:[]}\">\n\t\t\t\t<div class=\"elementor-element elementor-element-f349e45 elementor-widget elementor-widget-heading\" data-id=\"f349e45\" data-element_type=\"widget\" data-e-type=\"widget\" data-widget_type=\"heading.default\">\n\t\t\t\t<div class=\"elementor-widget-container\">\n\t\t\t\t\t<h1 class=\"elementor-heading-title elementor-size-default\">IML-Consulting ja Expert Service<\/h1>\t\t\t\t<\/div>\n\t\t\t\t<\/div>\n\t\t\t\t<\/div>\n\t\t\t\t<\/div>\n\t\t\t\t<\/div>\n\t\t\t\t\t<\/div>\n\t\t\t\t<\/div>\n\t\t<div class=\"elementor-element elementor-element-0fe7633 e-flex e-con-boxed e-con e-parent\" data-id=\"0fe7633\" data-element_type=\"container\" data-e-type=\"container\" data-settings=\"{&quot;jet_parallax_layout_list&quot;:[{&quot;jet_parallax_layout_image&quot;:{&quot;url&quot;:&quot;&quot;,&quot;id&quot;:&quot;&quot;,&quot;size&quot;:&quot;&quot;},&quot;_id&quot;:&quot;0937fb4&quot;,&quot;jet_parallax_layout_image_tablet&quot;:{&quot;url&quot;:&quot;&quot;,&quot;id&quot;:&quot;&quot;,&quot;size&quot;:&quot;&quot;},&quot;jet_parallax_layout_image_mobile&quot;:{&quot;url&quot;:&quot;&quot;,&quot;id&quot;:&quot;&quot;,&quot;size&quot;:&quot;&quot;},&quot;jet_parallax_layout_speed&quot;:{&quot;unit&quot;:&quot;%&quot;,&quot;size&quot;:50,&quot;sizes&quot;:[]},&quot;jet_parallax_layout_type&quot;:&quot;scroll&quot;,&quot;jet_parallax_layout_direction&quot;:&quot;1&quot;,&quot;jet_parallax_layout_fx_direction&quot;:null,&quot;jet_parallax_layout_z_index&quot;:&quot;&quot;,&quot;jet_parallax_layout_bg_x&quot;:50,&quot;jet_parallax_layout_bg_x_tablet&quot;:&quot;&quot;,&quot;jet_parallax_layout_bg_x_mobile&quot;:&quot;&quot;,&quot;jet_parallax_layout_bg_y&quot;:50,&quot;jet_parallax_layout_bg_y_tablet&quot;:&quot;&quot;,&quot;jet_parallax_layout_bg_y_mobile&quot;:&quot;&quot;,&quot;jet_parallax_layout_bg_size&quot;:&quot;auto&quot;,&quot;jet_parallax_layout_bg_size_tablet&quot;:&quot;&quot;,&quot;jet_parallax_layout_bg_size_mobile&quot;:&quot;&quot;,&quot;jet_parallax_layout_animation_prop&quot;:&quot;transform&quot;,&quot;jet_parallax_layout_on&quot;:[&quot;desktop&quot;,&quot;tablet&quot;]}],&quot;background_background&quot;:&quot;classic&quot;}\">\n\t\t\t\t\t<div class=\"e-con-inner\">\n\t\t<div class=\"elementor-element elementor-element-ae0d28d e-con-full e-flex e-con e-child\" data-id=\"ae0d28d\" data-element_type=\"container\" data-e-type=\"container\" data-settings=\"{&quot;jet_parallax_layout_list&quot;:[]}\">\n\t\t\t\t<div class=\"elementor-element elementor-element-5a98047 elementor-widget elementor-widget-heading\" data-id=\"5a98047\" data-element_type=\"widget\" data-e-type=\"widget\" data-widget_type=\"heading.default\">\n\t\t\t\t<div class=\"elementor-widget-container\">\n\t\t\t\t\t<h2 class=\"elementor-heading-title elementor-size-default\">Tervetuloa IML-Consulting ja Expert Service -sivustolle!<\/h2>\t\t\t\t<\/div>\n\t\t\t\t<\/div>\n\t\t\t\t<div class=\"elementor-element elementor-element-31405fc elementor-widget elementor-widget-text-editor\" data-id=\"31405fc\" data-element_type=\"widget\" data-e-type=\"widget\" data-widget_type=\"text-editor.default\">\n\t\t\t\t<div class=\"elementor-widget-container\">\n\t\t\t\t\t\t\t\t\t<p>Tarjoamme kattavia ilmanvaihdon konsultointi- ja asiantuntijapalveluita niin yrityksille kuin yksityisasiakkaille.\u00a0<\/p>\t\t\t\t\t\t\t\t<\/div>\n\t\t\t\t<\/div>\n\t\t\t\t<div class=\"elementor-element elementor-element-7cfadcc elementor-widget elementor-widget-heading\" data-id=\"7cfadcc\" data-element_type=\"widget\" data-e-type=\"widget\" data-widget_type=\"heading.default\">\n\t\t\t\t<div class=\"elementor-widget-container\">\n\t\t\t\t\t<h2 class=\"elementor-heading-title elementor-size-default\">Palvelumme mm<\/h2>\t\t\t\t<\/div>\n\t\t\t\t<\/div>\n\t\t\t\t<div class=\"elementor-element elementor-element-30340ea custom-toggle elementor-widget elementor-widget-toggle\" data-id=\"30340ea\" data-element_type=\"widget\" data-e-type=\"widget\" data-widget_type=\"toggle.default\">\n\t\t\t\t<div class=\"elementor-widget-container\">\n\t\t\t\t\t\t\t<div class=\"elementor-toggle\">\n\t\t\t\t\t\t\t<div class=\"elementor-toggle-item\">\n\t\t\t\t\t<div id=\"elementor-tab-title-5051\" class=\"elementor-tab-title\" data-tab=\"1\" role=\"button\" aria-controls=\"elementor-tab-content-5051\" aria-expanded=\"false\">\n\t\t\t\t\t\t\t\t\t\t\t\t<a class=\"elementor-toggle-title\" tabindex=\"0\">Ilmanvaihdon ja automaation toiminnan selvitykset<\/a>\n\t\t\t\t\t<\/div>\n\n\t\t\t\t\t<div id=\"elementor-tab-content-5051\" class=\"elementor-tab-content elementor-clearfix\" data-tab=\"1\" role=\"region\" aria-labelledby=\"elementor-tab-title-5051\"><p><blockquote class=\"wp-embedded-content\" data-secret=\"dMXI4xLcJl\"><a href=\"https:\/\/iml.fi\/ilmanvaihdon-ja-automaation-toiminnan-selvitykset\/\">Ilmanvaihdon ja automaation toiminnan selvitykset<\/a><\/blockquote><iframe class=\"wp-embedded-content\" sandbox=\"allow-scripts\" security=\"restricted\" style=\"position: absolute; visibility: hidden;\" title=\"&#8221;Ilmanvaihdon ja automaation toiminnan selvitykset&#8221; &#8212; IML\" src=\"https:\/\/iml.fi\/ilmanvaihdon-ja-automaation-toiminnan-selvitykset\/embed\/#?secret=1ttfOezLer#?secret=dMXI4xLcJl\" data-secret=\"dMXI4xLcJl\" width=\"600\" height=\"338\" frameborder=\"0\" marginwidth=\"0\" marginheight=\"0\" scrolling=\"no\"><\/iframe><\/p><\/div>\n\t\t\t\t<\/div>\n\t\t\t\t\t\t\t<div class=\"elementor-toggle-item\">\n\t\t\t\t\t<div id=\"elementor-tab-title-5052\" class=\"elementor-tab-title\" data-tab=\"2\" role=\"button\" aria-controls=\"elementor-tab-content-5052\" aria-expanded=\"false\">\n\t\t\t\t\t\t\t\t\t\t\t\t<a class=\"elementor-toggle-title\" tabindex=\"0\">Mittaus- ja s\u00e4\u00e4t\u00f6ty\u00f6t<\/a>\n\t\t\t\t\t<\/div>\n\n\t\t\t\t\t<div id=\"elementor-tab-content-5052\" class=\"elementor-tab-content elementor-clearfix\" data-tab=\"2\" role=\"region\" aria-labelledby=\"elementor-tab-title-5052\"><blockquote class=\"wp-embedded-content\" data-secret=\"6ZiI03KqGf\"><a href=\"https:\/\/iml.fi\/ilmanvaihdon-huolto-mittaus-ja-saatotyot\/\">Ilmanvaihdon huolto tai urakointi: Mittaus- ja s\u00e4\u00e4t\u00f6ty\u00f6t<\/a><\/blockquote><iframe class=\"wp-embedded-content\" sandbox=\"allow-scripts\" security=\"restricted\" style=\"position: absolute; visibility: hidden;\" title=\"&#8221;Ilmanvaihdon huolto tai urakointi: Mittaus- ja s\u00e4\u00e4t\u00f6ty\u00f6t&#8221; &#8212; IML\" src=\"https:\/\/iml.fi\/ilmanvaihdon-huolto-mittaus-ja-saatotyot\/embed\/#?secret=irKjmxjLSC#?secret=6ZiI03KqGf\" data-secret=\"6ZiI03KqGf\" width=\"600\" height=\"338\" frameborder=\"0\" marginwidth=\"0\" marginheight=\"0\" scrolling=\"no\"><\/iframe><\/div>\n\t\t\t\t<\/div>\n\t\t\t\t\t\t\t<div class=\"elementor-toggle-item\">\n\t\t\t\t\t<div id=\"elementor-tab-title-5053\" class=\"elementor-tab-title\" data-tab=\"3\" role=\"button\" aria-controls=\"elementor-tab-content-5053\" aria-expanded=\"false\">\n\t\t\t\t\t\t\t\t\t\t\t\t<a class=\"elementor-toggle-title\" tabindex=\"0\">LVIA-kuntotutkimukset ja selvitykset<\/a>\n\t\t\t\t\t<\/div>\n\n\t\t\t\t\t<div id=\"elementor-tab-content-5053\" class=\"elementor-tab-content elementor-clearfix\" data-tab=\"3\" role=\"region\" aria-labelledby=\"elementor-tab-title-5053\"><blockquote class=\"wp-embedded-content\" data-secret=\"j25wsH974e\"><a href=\"https:\/\/iml.fi\/lvia-kuntotutkimukset-ja-selvitykset\/\">LVI-kuntotutkimukset ja selvitykset<\/a><\/blockquote><iframe class=\"wp-embedded-content\" sandbox=\"allow-scripts\" security=\"restricted\" style=\"position: absolute; visibility: hidden;\" title=\"&#8221;LVI-kuntotutkimukset ja selvitykset&#8221; &#8212; IML\" src=\"https:\/\/iml.fi\/lvia-kuntotutkimukset-ja-selvitykset\/embed\/#?secret=4Rn1AbBDgh#?secret=j25wsH974e\" data-secret=\"j25wsH974e\" width=\"600\" height=\"338\" frameborder=\"0\" marginwidth=\"0\" marginheight=\"0\" scrolling=\"no\"><\/iframe><\/div>\n\t\t\t\t<\/div>\n\t\t\t\t\t\t\t<div class=\"elementor-toggle-item\">\n\t\t\t\t\t<div id=\"elementor-tab-title-5054\" class=\"elementor-tab-title\" data-tab=\"4\" role=\"button\" aria-controls=\"elementor-tab-content-5054\" aria-expanded=\"false\">\n\t\t\t\t\t\t\t\t\t\t\t\t<a class=\"elementor-toggle-title\" tabindex=\"0\">Ilmanvaihtoj\u00e4rjestelmien tiiveyskokeet<\/a>\n\t\t\t\t\t<\/div>\n\n\t\t\t\t\t<div id=\"elementor-tab-content-5054\" class=\"elementor-tab-content elementor-clearfix\" data-tab=\"4\" role=\"region\" aria-labelledby=\"elementor-tab-title-5054\"><p><blockquote class=\"wp-embedded-content\" data-secret=\"zcT8lQOLpg\"><a href=\"https:\/\/iml.fi\/ilmanvaihtojarjestelmien-tiiveyskokeet\/\">Ilmanvaihtoj\u00e4rjestelmien tiiveyskokeet<\/a><\/blockquote><iframe class=\"wp-embedded-content\" sandbox=\"allow-scripts\" security=\"restricted\" style=\"position: absolute; visibility: hidden;\" title=\"&#8220;Ilmanvaihtoj\u00e4rjestelmien tiiveyskokeet&#8221; &#8212; IML\" src=\"https:\/\/iml.fi\/ilmanvaihtojarjestelmien-tiiveyskokeet\/embed\/#?secret=HQG3ZlLbxC#?secret=zcT8lQOLpg\" data-secret=\"zcT8lQOLpg\" width=\"600\" height=\"338\" frameborder=\"0\" marginwidth=\"0\" marginheight=\"0\" scrolling=\"no\"><\/iframe><\/p><\/div>\n\t\t\t\t<\/div>\n\t\t\t\t\t\t\t<div class=\"elementor-toggle-item\">\n\t\t\t\t\t<div id=\"elementor-tab-title-5055\" class=\"elementor-tab-title\" data-tab=\"5\" role=\"button\" aria-controls=\"elementor-tab-content-5055\" aria-expanded=\"false\">\n\t\t\t\t\t\t\t\t\t\t\t\t<a class=\"elementor-toggle-title\" tabindex=\"0\">Putkistojen kuntotutkimukset (LVV-KT)<\/a>\n\t\t\t\t\t<\/div>\n\n\t\t\t\t\t<div id=\"elementor-tab-content-5055\" class=\"elementor-tab-content elementor-clearfix\" data-tab=\"5\" role=\"region\" aria-labelledby=\"elementor-tab-title-5055\"><p>Teemme putkistojen kuntotutkimukset, joilla arvioimme putkistojen nykykunnon ja annamme suositukset tarvittavista toimenpiteist\u00e4.<\/p><\/div>\n\t\t\t\t<\/div>\n\t\t\t\t\t\t\t<div class=\"elementor-toggle-item\">\n\t\t\t\t\t<div id=\"elementor-tab-title-5056\" class=\"elementor-tab-title\" data-tab=\"6\" role=\"button\" aria-controls=\"elementor-tab-content-5056\" aria-expanded=\"false\">\n\t\t\t\t\t\t\t\t\t\t\t\t<a class=\"elementor-toggle-title\" tabindex=\"0\">Viem\u00e4ripinnoitusten valvonta<\/a>\n\t\t\t\t\t<\/div>\n\n\t\t\t\t\t<div id=\"elementor-tab-content-5056\" class=\"elementor-tab-content elementor-clearfix\" data-tab=\"6\" role=\"region\" aria-labelledby=\"elementor-tab-title-5056\"><p>Tarjoamme viem\u00e4ripinnoitusten valvontapalvelua, jolla varmistamme ty\u00f6n laadun ja pinnoituksen pitk\u00e4ik\u00e4isyyden.<\/p><\/div>\n\t\t\t\t<\/div>\n\t\t\t\t\t\t\t<div class=\"elementor-toggle-item\">\n\t\t\t\t\t<div id=\"elementor-tab-title-5057\" class=\"elementor-tab-title\" data-tab=\"7\" role=\"button\" aria-controls=\"elementor-tab-content-5057\" aria-expanded=\"false\">\n\t\t\t\t\t\t\t\t\t\t\t\t<a class=\"elementor-toggle-title\" tabindex=\"0\">Urakoiden kilpailutukset ja valvonta<\/a>\n\t\t\t\t\t<\/div>\n\n\t\t\t\t\t<div id=\"elementor-tab-content-5057\" class=\"elementor-tab-content elementor-clearfix\" data-tab=\"7\" role=\"region\" aria-labelledby=\"elementor-tab-title-5057\"><blockquote class=\"wp-embedded-content\" data-secret=\"e7rVhnBMq8\"><a href=\"https:\/\/iml.fi\/ilmanvaihdon-puhdistus-edessa-autamme-urakoiden-kilpailutuksessa-ja-valvonnassa\/\">Ilmanvaihdon puhdistus edess\u00e4? Autamme urakoiden kilpailutuksessa ja valvonnassa<\/a><\/blockquote><iframe class=\"wp-embedded-content\" sandbox=\"allow-scripts\" security=\"restricted\" style=\"position: absolute; visibility: hidden;\" title=\"&#8221;Ilmanvaihdon puhdistus edess\u00e4? Autamme urakoiden kilpailutuksessa ja valvonnassa&#8221; &#8212; IML\" src=\"https:\/\/iml.fi\/ilmanvaihdon-puhdistus-edessa-autamme-urakoiden-kilpailutuksessa-ja-valvonnassa\/embed\/#?secret=zYxAMwsCj6#?secret=e7rVhnBMq8\" data-secret=\"e7rVhnBMq8\" width=\"600\" height=\"338\" frameborder=\"0\" marginwidth=\"0\" marginheight=\"0\" scrolling=\"no\"><\/iframe><\/div>\n\t\t\t\t<\/div>\n\t\t\t\t\t\t\t\t\t\t<script type=\"application\/ld+json\">{\"@context\":\"https:\\\/\\\/schema.org\",\"@type\":\"FAQPage\",\"mainEntity\":[{\"@type\":\"Question\",\"name\":\"Ilmanvaihdon ja automaation toiminnan selvitykset\",\"acceptedAnswer\":{\"@type\":\"Answer\",\"text\":\"<p><blockquote class=\\\"wp-embedded-content\\\" data-secret=\\\"dMXI4xLcJl\\\"><a href=\\\"https:\\\/\\\/iml.fi\\\/ilmanvaihdon-ja-automaation-toiminnan-selvitykset\\\/\\\">Ilmanvaihdon ja automaation toiminnan selvitykset<\\\/a><\\\/blockquote><iframe class=\\\"wp-embedded-content\\\" sandbox=\\\"allow-scripts\\\" security=\\\"restricted\\\" style=\\\"position: absolute; visibility: hidden;\\\" title=\\\"&#8221;Ilmanvaihdon ja automaation toiminnan selvitykset&#8221; &#8212; IML\\\" src=\\\"https:\\\/\\\/iml.fi\\\/ilmanvaihdon-ja-automaation-toiminnan-selvitykset\\\/embed\\\/#?secret=1ttfOezLer#?secret=dMXI4xLcJl\\\" data-secret=\\\"dMXI4xLcJl\\\" width=\\\"600\\\" height=\\\"338\\\" frameborder=\\\"0\\\" marginwidth=\\\"0\\\" marginheight=\\\"0\\\" scrolling=\\\"no\\\"><\\\/iframe><\\\/p>\"}},{\"@type\":\"Question\",\"name\":\"Mittaus- ja s\\u00e4\\u00e4t\\u00f6ty\\u00f6t\",\"acceptedAnswer\":{\"@type\":\"Answer\",\"text\":\"<blockquote class=\\\"wp-embedded-content\\\" data-secret=\\\"6ZiI03KqGf\\\"><a href=\\\"https:\\\/\\\/iml.fi\\\/ilmanvaihdon-huolto-mittaus-ja-saatotyot\\\/\\\">Ilmanvaihdon huolto tai urakointi: Mittaus- ja s\\u00e4\\u00e4t\\u00f6ty\\u00f6t<\\\/a><\\\/blockquote><iframe class=\\\"wp-embedded-content\\\" sandbox=\\\"allow-scripts\\\" security=\\\"restricted\\\" style=\\\"position: absolute; visibility: hidden;\\\" title=\\\"&#8221;Ilmanvaihdon huolto tai urakointi: Mittaus- ja s\\u00e4\\u00e4t\\u00f6ty\\u00f6t&#8221; &#8212; IML\\\" src=\\\"https:\\\/\\\/iml.fi\\\/ilmanvaihdon-huolto-mittaus-ja-saatotyot\\\/embed\\\/#?secret=irKjmxjLSC#?secret=6ZiI03KqGf\\\" data-secret=\\\"6ZiI03KqGf\\\" width=\\\"600\\\" height=\\\"338\\\" frameborder=\\\"0\\\" marginwidth=\\\"0\\\" marginheight=\\\"0\\\" scrolling=\\\"no\\\"><\\\/iframe>\"}},{\"@type\":\"Question\",\"name\":\"LVIA-kuntotutkimukset ja selvitykset\",\"acceptedAnswer\":{\"@type\":\"Answer\",\"text\":\"<blockquote class=\\\"wp-embedded-content\\\" data-secret=\\\"j25wsH974e\\\"><a href=\\\"https:\\\/\\\/iml.fi\\\/lvia-kuntotutkimukset-ja-selvitykset\\\/\\\">LVI-kuntotutkimukset ja selvitykset<\\\/a><\\\/blockquote><iframe class=\\\"wp-embedded-content\\\" sandbox=\\\"allow-scripts\\\" security=\\\"restricted\\\" style=\\\"position: absolute; visibility: hidden;\\\" title=\\\"&#8221;LVI-kuntotutkimukset ja selvitykset&#8221; &#8212; IML\\\" src=\\\"https:\\\/\\\/iml.fi\\\/lvia-kuntotutkimukset-ja-selvitykset\\\/embed\\\/#?secret=4Rn1AbBDgh#?secret=j25wsH974e\\\" data-secret=\\\"j25wsH974e\\\" width=\\\"600\\\" height=\\\"338\\\" frameborder=\\\"0\\\" marginwidth=\\\"0\\\" marginheight=\\\"0\\\" scrolling=\\\"no\\\"><\\\/iframe>\"}},{\"@type\":\"Question\",\"name\":\"Ilmanvaihtoj\\u00e4rjestelmien tiiveyskokeet\",\"acceptedAnswer\":{\"@type\":\"Answer\",\"text\":\"<p><blockquote class=\\\"wp-embedded-content\\\" data-secret=\\\"zcT8lQOLpg\\\"><a href=\\\"https:\\\/\\\/iml.fi\\\/ilmanvaihtojarjestelmien-tiiveyskokeet\\\/\\\">Ilmanvaihtoj\\u00e4rjestelmien tiiveyskokeet<\\\/a><\\\/blockquote><iframe class=\\\"wp-embedded-content\\\" sandbox=\\\"allow-scripts\\\" security=\\\"restricted\\\" style=\\\"position: absolute; visibility: hidden;\\\" title=\\\"&#8220;Ilmanvaihtoj\\u00e4rjestelmien tiiveyskokeet&#8221; &#8212; IML\\\" src=\\\"https:\\\/\\\/iml.fi\\\/ilmanvaihtojarjestelmien-tiiveyskokeet\\\/embed\\\/#?secret=HQG3ZlLbxC#?secret=zcT8lQOLpg\\\" data-secret=\\\"zcT8lQOLpg\\\" width=\\\"600\\\" height=\\\"338\\\" frameborder=\\\"0\\\" marginwidth=\\\"0\\\" marginheight=\\\"0\\\" scrolling=\\\"no\\\"><\\\/iframe><\\\/p>\"}},{\"@type\":\"Question\",\"name\":\"Putkistojen kuntotutkimukset (LVV-KT)\",\"acceptedAnswer\":{\"@type\":\"Answer\",\"text\":\"<p>Teemme putkistojen kuntotutkimukset, joilla arvioimme putkistojen nykykunnon ja annamme suositukset tarvittavista toimenpiteist\\u00e4.<\\\/p>\"}},{\"@type\":\"Question\",\"name\":\"Viem\\u00e4ripinnoitusten valvonta\",\"acceptedAnswer\":{\"@type\":\"Answer\",\"text\":\"<p>Tarjoamme viem\\u00e4ripinnoitusten valvontapalvelua, jolla varmistamme ty\\u00f6n laadun ja pinnoituksen pitk\\u00e4ik\\u00e4isyyden.<\\\/p>\"}},{\"@type\":\"Question\",\"name\":\"Urakoiden kilpailutukset ja valvonta\",\"acceptedAnswer\":{\"@type\":\"Answer\",\"text\":\"<blockquote class=\\\"wp-embedded-content\\\" data-secret=\\\"e7rVhnBMq8\\\"><a href=\\\"https:\\\/\\\/iml.fi\\\/ilmanvaihdon-puhdistus-edessa-autamme-urakoiden-kilpailutuksessa-ja-valvonnassa\\\/\\\">Ilmanvaihdon puhdistus edess\\u00e4? Autamme urakoiden kilpailutuksessa ja valvonnassa<\\\/a><\\\/blockquote><iframe class=\\\"wp-embedded-content\\\" sandbox=\\\"allow-scripts\\\" security=\\\"restricted\\\" style=\\\"position: absolute; visibility: hidden;\\\" title=\\\"&#8221;Ilmanvaihdon puhdistus edess\\u00e4? Autamme urakoiden kilpailutuksessa ja valvonnassa&#8221; &#8212; IML\\\" src=\\\"https:\\\/\\\/iml.fi\\\/ilmanvaihdon-puhdistus-edessa-autamme-urakoiden-kilpailutuksessa-ja-valvonnassa\\\/embed\\\/#?secret=zYxAMwsCj6#?secret=e7rVhnBMq8\\\" data-secret=\\\"e7rVhnBMq8\\\" width=\\\"600\\\" height=\\\"338\\\" frameborder=\\\"0\\\" marginwidth=\\\"0\\\" marginheight=\\\"0\\\" scrolling=\\\"no\\\"><\\\/iframe>\"}}]}<\/script>\n\t\t\t\t\t<\/div>\n\t\t\t\t\t\t<\/div>\n\t\t\t\t<\/div>\n\t\t\t\t<div class=\"elementor-element elementor-element-f0c2117 elementor-hidden-desktop elementor-hidden-tablet elementor-hidden-mobile elementor-widget elementor-widget-text-editor\" data-id=\"f0c2117\" data-element_type=\"widget\" data-e-type=\"widget\" data-widget_type=\"text-editor.default\">\n\t\t\t\t<div class=\"elementor-widget-container\">\n\t\t\t\t\t\t\t\t\t<p><a href=\"https:\/\/iml.fi\/ilmanvaihdon-ja-automaation-toiminnan-selvitykset\/\">Ilmanvaihdon ja automaation toiminnan selvitykset<\/a><\/p><p><a href=\"https:\/\/iml.fi\/ilmanvaihdon-huolto-mittaus-ja-saatotyot\/\">Mittaus ja s\u00e4\u00e4t\u00f6ty\u00f6t<\/a><\/p><p>LVIA-kuntotutkimukset ja selvitykset<\/p>\t\t\t\t\t\t\t\t<\/div>\n\t\t\t\t<\/div>\n\t\t\t\t<\/div>\n\t\t<div class=\"elementor-element elementor-element-ec921ea e-con-full e-flex e-con e-child\" data-id=\"ec921ea\" data-element_type=\"container\" data-e-type=\"container\" data-settings=\"{&quot;jet_parallax_layout_list&quot;:[]}\">\n\t\t\t\t<div class=\"elementor-element elementor-element-78537eb elementor-widget elementor-widget-image\" data-id=\"78537eb\" data-element_type=\"widget\" data-e-type=\"widget\" data-widget_type=\"image.default\">\n\t\t\t\t<div class=\"elementor-widget-container\">\n\t\t\t\t\t\t\t\t\t\t\t\t\t\t\t<img fetchpriority=\"high\" decoding=\"async\" width=\"800\" height=\"800\" src=\"https:\/\/iml.fi\/wp-content\/uploads\/2024\/06\/IML-consulting_logo-RGB.svg\" class=\"attachment-large size-large wp-image-2419\" alt=\"IML Consulting and Expert Services\" \/>\t\t\t\t\t\t\t\t\t\t\t\t\t\t\t<\/div>\n\t\t\t\t<\/div>\n\t\t\t\t<div class=\"elementor-element elementor-element-d8a106d elementor-widget elementor-widget-text-editor\" data-id=\"d8a106d\" data-element_type=\"widget\" data-e-type=\"widget\" data-widget_type=\"text-editor.default\">\n\t\t\t\t<div class=\"elementor-widget-container\">\n\t\t\t\t\t\t\t\t\t<p>IML-Consulting ja Expert Service on sitoutunut tarjoamaan korkealaatuisia ja asiakasl\u00e4ht\u00f6isi\u00e4 palveluita, joilla varmistetaan ilmanvaihto- ja automaatioj\u00e4rjestelmien moitteeton toiminta.\u00a0<\/p>\t\t\t\t\t\t\t\t<\/div>\n\t\t\t\t<\/div>\n\t\t\t\t<div class=\"elementor-element elementor-element-027c456 elementor-widget elementor-widget-text-editor\" data-id=\"027c456\" data-element_type=\"widget\" data-e-type=\"widget\" data-widget_type=\"text-editor.default\">\n\t\t\t\t<div class=\"elementor-widget-container\">\n\t\t\t\t\t\t\t\t\t<p>Ota yhteytt\u00e4 ja kerro, miten voimme auttaa sinua ja yrityst\u00e4si saavuttamaan paremman sis\u00e4ilman laadun ja tehokkaamman j\u00e4rjestelmien hallinnan.<\/p>\t\t\t\t\t\t\t\t<\/div>\n\t\t\t\t<\/div>\n\t\t\t\t<div class=\"elementor-element elementor-element-3e237a3 elementor-widget elementor-widget-button\" data-id=\"3e237a3\" data-element_type=\"widget\" data-e-type=\"widget\" data-widget_type=\"button.default\">\n\t\t\t\t<div class=\"elementor-widget-container\">\n\t\t\t\t\t\t\t\t\t<div class=\"elementor-button-wrapper\">\n\t\t\t\t\t<a class=\"elementor-button elementor-button-link elementor-size-sm\" href=\"\/yhteystiedot\/\">\n\t\t\t\t\t\t<span class=\"elementor-button-content-wrapper\">\n\t\t\t\t\t\t\t\t\t<span class=\"elementor-button-text\">Ota yhteytt\u00e4<\/span>\n\t\t\t\t\t<\/span>\n\t\t\t\t\t<\/a>\n\t\t\t\t<\/div>\n\t\t\t\t\t\t\t\t<\/div>\n\t\t\t\t<\/div>\n\t\t\t\t<\/div>\n\t\t\t\t\t<\/div>\n\t\t\t\t<\/div>\n\t\t\t\t<\/div>\n\t\t","protected":false},"excerpt":{"rendered":"<p>Tervetuloa IML-Consulting ja Expert Service -sivustolle! Tarjoamme kattavia ilmanvaihdon konsultointi- ja asiantuntijapalveluita niin yrityksille kuin yksityisasiakkaille.\u00a0 Palvelumme mm Ilmanvaihdon ja automaation toiminnan selvitykset Ilmanvaihdon ja automaation toiminnan selvitykset Mittaus- ja s\u00e4\u00e4t\u00f6ty\u00f6t Ilmanvaihdon huolto tai urakointi: Mittaus- ja s\u00e4\u00e4t\u00f6ty\u00f6t LVIA-kuntotutkimukset ja selvitykset LVI-kuntotutkimukset ja selvitykset Ilmanvaihtoj\u00e4rjestelmien tiiveyskokeet Ilmanvaihtoj\u00e4rjestelmien tiiveyskokeet Putkistojen kuntotutkimukset (LVV-KT) Teemme putkistojen kuntotutkimukset, joilla [&hellip;]<\/p>\n","protected":false},"author":1,"featured_media":0,"parent":0,"menu_order":0,"comment_status":"closed","ping_status":"closed","template":"","meta":{"footnotes":""},"class_list":["post-2417","page","type-page","status-publish","hentry"],"_links":{"self":[{"href":"https:\/\/iml.fi\/en\/wp-json\/wp\/v2\/pages\/2417","targetHints":{"allow":["GET"]}}],"collection":[{"href":"https:\/\/iml.fi\/en\/wp-json\/wp\/v2\/pages"}],"about":[{"href":"https:\/\/iml.fi\/en\/wp-json\/wp\/v2\/types\/page"}],"author":[{"embeddable":true,"href":"https:\/\/iml.fi\/en\/wp-json\/wp\/v2\/users\/1"}],"replies":[{"embeddable":true,"href":"https:\/\/iml.fi\/en\/wp-json\/wp\/v2\/comments?post=2417"}],"version-history":[{"count":43,"href":"https:\/\/iml.fi\/en\/wp-json\/wp\/v2\/pages\/2417\/revisions"}],"predecessor-version":[{"id":3437,"href":"https:\/\/iml.fi\/en\/wp-json\/wp\/v2\/pages\/2417\/revisions\/3437"}],"wp:attachment":[{"href":"https:\/\/iml.fi\/en\/wp-json\/wp\/v2\/media?parent=2417"}],"curies":[{"name":"wp","href":"https:\/\/api.w.org\/{rel}","templated":true}]}}