{"id":2426,"date":"2024-06-26T15:24:11","date_gmt":"2024-06-26T12:24:11","guid":{"rendered":"https:\/\/iml.fi\/?page_id=2426"},"modified":"2025-11-05T15:32:24","modified_gmt":"2025-11-05T13:32:24","slug":"iml-innovations-solutions","status":"publish","type":"page","link":"https:\/\/iml.fi\/en\/iml-innovations-solutions\/","title":{"rendered":"IML-Innovations &#038; Solutions"},"content":{"rendered":"\t\t<div data-elementor-type=\"wp-page\" data-elementor-id=\"2426\" class=\"elementor elementor-2426\" data-elementor-post-type=\"page\">\n\t\t\t\t<div class=\"elementor-element elementor-element-0fe7633 e-flex e-con-boxed e-con e-parent\" data-id=\"0fe7633\" data-element_type=\"container\" data-e-type=\"container\" data-settings=\"{&quot;jet_parallax_layout_list&quot;:[{&quot;jet_parallax_layout_image&quot;:{&quot;url&quot;:&quot;&quot;,&quot;id&quot;:&quot;&quot;,&quot;size&quot;:&quot;&quot;},&quot;_id&quot;:&quot;0937fb4&quot;,&quot;jet_parallax_layout_image_tablet&quot;:{&quot;url&quot;:&quot;&quot;,&quot;id&quot;:&quot;&quot;,&quot;size&quot;:&quot;&quot;},&quot;jet_parallax_layout_image_mobile&quot;:{&quot;url&quot;:&quot;&quot;,&quot;id&quot;:&quot;&quot;,&quot;size&quot;:&quot;&quot;},&quot;jet_parallax_layout_speed&quot;:{&quot;unit&quot;:&quot;%&quot;,&quot;size&quot;:50,&quot;sizes&quot;:[]},&quot;jet_parallax_layout_type&quot;:&quot;scroll&quot;,&quot;jet_parallax_layout_direction&quot;:&quot;1&quot;,&quot;jet_parallax_layout_fx_direction&quot;:null,&quot;jet_parallax_layout_z_index&quot;:&quot;&quot;,&quot;jet_parallax_layout_bg_x&quot;:50,&quot;jet_parallax_layout_bg_x_tablet&quot;:&quot;&quot;,&quot;jet_parallax_layout_bg_x_mobile&quot;:&quot;&quot;,&quot;jet_parallax_layout_bg_y&quot;:50,&quot;jet_parallax_layout_bg_y_tablet&quot;:&quot;&quot;,&quot;jet_parallax_layout_bg_y_mobile&quot;:&quot;&quot;,&quot;jet_parallax_layout_bg_size&quot;:&quot;auto&quot;,&quot;jet_parallax_layout_bg_size_tablet&quot;:&quot;&quot;,&quot;jet_parallax_layout_bg_size_mobile&quot;:&quot;&quot;,&quot;jet_parallax_layout_animation_prop&quot;:&quot;transform&quot;,&quot;jet_parallax_layout_on&quot;:[&quot;desktop&quot;,&quot;tablet&quot;]}],&quot;background_background&quot;:&quot;classic&quot;}\">\n\t\t\t\t\t<div class=\"e-con-inner\">\n\t\t<div class=\"elementor-element elementor-element-ae0d28d e-con-full e-flex e-con e-child\" data-id=\"ae0d28d\" data-element_type=\"container\" data-e-type=\"container\" data-settings=\"{&quot;jet_parallax_layout_list&quot;:[]}\">\n\t\t\t\t<div class=\"elementor-element elementor-element-f349e45 elementor-widget elementor-widget-heading\" data-id=\"f349e45\" data-element_type=\"widget\" data-e-type=\"widget\" data-widget_type=\"heading.default\">\n\t\t\t\t<div class=\"elementor-widget-container\">\n\t\t\t\t\t<h1 class=\"elementor-heading-title elementor-size-default\">IML-Innovations &#038; Solutions<\/h1>\t\t\t\t<\/div>\n\t\t\t\t<\/div>\n\t\t\t\t<div class=\"elementor-element elementor-element-31405fc elementor-widget elementor-widget-text-editor\" data-id=\"31405fc\" data-element_type=\"widget\" data-e-type=\"widget\" data-widget_type=\"text-editor.default\">\n\t\t\t\t<div class=\"elementor-widget-container\">\n\t\t\t\t\t\t\t\t\t<p>IML-Innovations &amp; Solutions on sitoutunut kehitt\u00e4m\u00e4\u00e4n ratkaisuja ja diagnostiikkaty\u00f6kaluja, tehostamaan LVI ja rakennusalan ammattilaisten joka p\u00e4iv\u00e4ist\u00e4 toimintaa.<\/p>\t\t\t\t\t\t\t\t<\/div>\n\t\t\t\t<\/div>\n\t\t\t\t<div class=\"elementor-element elementor-element-6202aed elementor-widget elementor-widget-text-editor\" data-id=\"6202aed\" data-element_type=\"widget\" data-e-type=\"widget\" data-widget_type=\"text-editor.default\">\n\t\t\t\t<div class=\"elementor-widget-container\">\n\t\t\t\t\t\t\t\t\t<p>N\u00e4m\u00e4 ty\u00f6kalut auttavat tunnistamaan mahdolliset ongelmakohdat ja tehostamaan prosessiasi.<\/p>\t\t\t\t\t\t\t\t<\/div>\n\t\t\t\t<\/div>\n\t\t\t\t<div class=\"elementor-element elementor-element-30340ea elementor-hidden-desktop elementor-hidden-tablet elementor-hidden-mobile elementor-widget elementor-widget-toggle\" data-id=\"30340ea\" data-element_type=\"widget\" data-e-type=\"widget\" data-widget_type=\"toggle.default\">\n\t\t\t\t<div class=\"elementor-widget-container\">\n\t\t\t\t\t\t\t<div class=\"elementor-toggle\">\n\t\t\t\t\t\t\t<div class=\"elementor-toggle-item\">\n\t\t\t\t\t<div id=\"elementor-tab-title-5051\" class=\"elementor-tab-title\" data-tab=\"1\" role=\"button\" aria-controls=\"elementor-tab-content-5051\" aria-expanded=\"false\">\n\t\t\t\t\t\t\t\t\t\t\t\t<a class=\"elementor-toggle-title\" tabindex=\"0\">Markkinoiden Parhaimmat Tarkastusty\u00f6kalut<\/a>\n\t\t\t\t\t<\/div>\n\n\t\t\t\t\t<div id=\"elementor-tab-content-5051\" class=\"elementor-tab-content elementor-clearfix\" data-tab=\"1\" role=\"region\" aria-labelledby=\"elementor-tab-title-5051\"><p>Tarjoamme markkinoiden parhaimpia ilmanvaihdon tarkastusty\u00f6kaluja. Tuotevalikoimamme sis\u00e4lt\u00e4\u00e4 edistyneit\u00e4 ajettavia kameroita ja valvontaty\u00f6kaluja, jotka on suunniteltu tarjoamaan kattavia ja yksityiskohtaisia tarkastuksia ilmanvaihtoj\u00e4rjestelmist\u00e4. N\u00e4m\u00e4 ty\u00f6kalut ovat v\u00e4ltt\u00e4m\u00e4tt\u00f6mi\u00e4 ammattilaisille, jotka haluavat tehd\u00e4 perusteellisia arviointeja ja huoltot\u00f6it\u00e4.<\/p><\/div>\n\t\t\t\t<\/div>\n\t\t\t\t\t\t\t<div class=\"elementor-toggle-item\">\n\t\t\t\t\t<div id=\"elementor-tab-title-5052\" class=\"elementor-tab-title\" data-tab=\"2\" role=\"button\" aria-controls=\"elementor-tab-content-5052\" aria-expanded=\"false\">\n\t\t\t\t\t\t\t\t\t\t\t\t<a class=\"elementor-toggle-title\" tabindex=\"0\">Ajettavat Kamerat<\/a>\n\t\t\t\t\t<\/div>\n\n\t\t\t\t\t<div id=\"elementor-tab-content-5052\" class=\"elementor-tab-content elementor-clearfix\" data-tab=\"2\" role=\"region\" aria-labelledby=\"elementor-tab-title-5052\"><p>Huippuluokan radio-ohjattavat ajettavat kamerat mahdollistavat ilmanvaihtokanavien ja -j\u00e4rjestelmien yksityiskohtaiset tarkastukset, varmistaen, ett\u00e4 jokainen j\u00e4rjestelm\u00e4n osa voidaan tarkastaa perusteellisesti.<\/p><p>N\u00e4m\u00e4 kamerat ovat helppok\u00e4ytt\u00f6isi\u00e4 ja tarjoavat korkearesoluutioista kuvamateriaalia, mik\u00e4 helpottaa mahdollisten ongelmien tunnistamista ja korjaamista.<\/p><\/div>\n\t\t\t\t<\/div>\n\t\t\t\t\t\t\t<div class=\"elementor-toggle-item\">\n\t\t\t\t\t<div id=\"elementor-tab-title-5053\" class=\"elementor-tab-title\" data-tab=\"3\" role=\"button\" aria-controls=\"elementor-tab-content-5053\" aria-expanded=\"false\">\n\t\t\t\t\t\t\t\t\t\t\t\t<a class=\"elementor-toggle-title\" tabindex=\"0\">Valvontaty\u00f6kalut<\/a>\n\t\t\t\t\t<\/div>\n\n\t\t\t\t\t<div id=\"elementor-tab-content-5053\" class=\"elementor-tab-content elementor-clearfix\" data-tab=\"3\" role=\"region\" aria-labelledby=\"elementor-tab-title-5053\"><p>Valvontaty\u00f6kalumme on suunniteltu seuraamaan ilmanvaihtoj\u00e4rjestelmien suorituskyky\u00e4 jatkuvasti. N\u00e4m\u00e4 ty\u00f6kalut tarjoavat arvokkaita n\u00e4kemyksi\u00e4 j\u00e4rjestelm\u00e4n toiminnasta, auttaen ehk\u00e4isem\u00e4\u00e4n ongelmia ennen kuin niist\u00e4 tulee suuria ongelmia. Ne ovat ratkaisevan t\u00e4rkeit\u00e4 optimaalisen sis\u00e4ilman laadun ja j\u00e4rjestelm\u00e4n tehokkuuden yll\u00e4pit\u00e4miseksi.<\/p><p>IML-Innovations &amp; Solutions on omistautunut tarjoamaan edistyneimpi\u00e4 ja luotettavimpia ty\u00f6kaluja ilmanvaihdon tarkastukseen ja diagnostiikkaan. Sitoutumisemme innovointiin varmistaa, ett\u00e4 asiakkaillamme on k\u00e4yt\u00f6ss\u00e4\u00e4n paras mahdollinen teknologia, joka mahdollistaa korkeimpien standardien yll\u00e4pit\u00e4misen ilmanvaihtoj\u00e4rjestelmien suorituskyvyss\u00e4. Ota yhteytt\u00e4 ja kysy lis\u00e4\u00e4 tuotteistamme ja siit\u00e4, kuinka ne voivat hy\u00f6dytt\u00e4\u00e4 toimintaasi.<\/p><\/div>\n\t\t\t\t<\/div>\n\t\t\t\t\t\t\t\t\t\t<script type=\"application\/ld+json\">{\"@context\":\"https:\\\/\\\/schema.org\",\"@type\":\"FAQPage\",\"mainEntity\":[{\"@type\":\"Question\",\"name\":\"Markkinoiden Parhaimmat Tarkastusty\\u00f6kalut\",\"acceptedAnswer\":{\"@type\":\"Answer\",\"text\":\"<p>Tarjoamme markkinoiden parhaimpia ilmanvaihdon tarkastusty\\u00f6kaluja. Tuotevalikoimamme sis\\u00e4lt\\u00e4\\u00e4 edistyneit\\u00e4 ajettavia kameroita ja valvontaty\\u00f6kaluja, jotka on suunniteltu tarjoamaan kattavia ja yksityiskohtaisia tarkastuksia ilmanvaihtoj\\u00e4rjestelmist\\u00e4. N\\u00e4m\\u00e4 ty\\u00f6kalut ovat v\\u00e4ltt\\u00e4m\\u00e4tt\\u00f6mi\\u00e4 ammattilaisille, jotka haluavat tehd\\u00e4 perusteellisia arviointeja ja huoltot\\u00f6it\\u00e4.<\\\/p>\"}},{\"@type\":\"Question\",\"name\":\"Ajettavat Kamerat\",\"acceptedAnswer\":{\"@type\":\"Answer\",\"text\":\"<p>Huippuluokan radio-ohjattavat ajettavat kamerat mahdollistavat ilmanvaihtokanavien ja -j\\u00e4rjestelmien yksityiskohtaiset tarkastukset, varmistaen, ett\\u00e4 jokainen j\\u00e4rjestelm\\u00e4n osa voidaan tarkastaa perusteellisesti.<\\\/p><p>N\\u00e4m\\u00e4 kamerat ovat helppok\\u00e4ytt\\u00f6isi\\u00e4 ja tarjoavat korkearesoluutioista kuvamateriaalia, mik\\u00e4 helpottaa mahdollisten ongelmien tunnistamista ja korjaamista.<\\\/p>\"}},{\"@type\":\"Question\",\"name\":\"Valvontaty\\u00f6kalut\",\"acceptedAnswer\":{\"@type\":\"Answer\",\"text\":\"<p>Valvontaty\\u00f6kalumme on suunniteltu seuraamaan ilmanvaihtoj\\u00e4rjestelmien suorituskyky\\u00e4 jatkuvasti. N\\u00e4m\\u00e4 ty\\u00f6kalut tarjoavat arvokkaita n\\u00e4kemyksi\\u00e4 j\\u00e4rjestelm\\u00e4n toiminnasta, auttaen ehk\\u00e4isem\\u00e4\\u00e4n ongelmia ennen kuin niist\\u00e4 tulee suuria ongelmia. Ne ovat ratkaisevan t\\u00e4rkeit\\u00e4 optimaalisen sis\\u00e4ilman laadun ja j\\u00e4rjestelm\\u00e4n tehokkuuden yll\\u00e4pit\\u00e4miseksi.<\\\/p><p>IML-Innovations &amp; Solutions on omistautunut tarjoamaan edistyneimpi\\u00e4 ja luotettavimpia ty\\u00f6kaluja ilmanvaihdon tarkastukseen ja diagnostiikkaan. Sitoutumisemme innovointiin varmistaa, ett\\u00e4 asiakkaillamme on k\\u00e4yt\\u00f6ss\\u00e4\\u00e4n paras mahdollinen teknologia, joka mahdollistaa korkeimpien standardien yll\\u00e4pit\\u00e4misen ilmanvaihtoj\\u00e4rjestelmien suorituskyvyss\\u00e4. Ota yhteytt\\u00e4 ja kysy lis\\u00e4\\u00e4 tuotteistamme ja siit\\u00e4, kuinka ne voivat hy\\u00f6dytt\\u00e4\\u00e4 toimintaasi.<\\\/p>\"}}]}<\/script>\n\t\t\t\t\t<\/div>\n\t\t\t\t\t\t<\/div>\n\t\t\t\t<\/div>\n\t\t\t\t<div class=\"elementor-element elementor-element-cabc8a6 custom-toggle elementor-widget elementor-widget-toggle\" data-id=\"cabc8a6\" data-element_type=\"widget\" data-e-type=\"widget\" data-widget_type=\"toggle.default\">\n\t\t\t\t<div class=\"elementor-widget-container\">\n\t\t\t\t\t\t\t<div class=\"elementor-toggle\">\n\t\t\t\t\t\t\t<div class=\"elementor-toggle-item\">\n\t\t\t\t\t<div id=\"elementor-tab-title-2121\" class=\"elementor-tab-title\" data-tab=\"1\" role=\"button\" aria-controls=\"elementor-tab-content-2121\" aria-expanded=\"false\">\n\t\t\t\t\t\t\t\t\t\t\t\t<a class=\"elementor-toggle-title\" tabindex=\"0\">RemotAir<\/a>\n\t\t\t\t\t<\/div>\n\n\t\t\t\t\t<div id=\"elementor-tab-content-2121\" class=\"elementor-tab-content elementor-clearfix\" data-tab=\"1\" role=\"region\" aria-labelledby=\"elementor-tab-title-2121\"><blockquote class=\"wp-embedded-content\" data-secret=\"Y456Ax18v5\"><a href=\"https:\/\/iml.fi\/remotair-alykas-valvontakamera-ilmanvaihdon-ongelmien-ennakointiin\/\">RemotAir \u2013 \u00c4lyk\u00e4s valvontakamera ilmanvaihdon ongelmien ennakointiin<\/a><\/blockquote><iframe class=\"wp-embedded-content\" sandbox=\"allow-scripts\" security=\"restricted\" style=\"position: absolute; visibility: hidden;\" title=\"&#8221;RemotAir \u2013 \u00c4lyk\u00e4s valvontakamera ilmanvaihdon ongelmien ennakointiin&#8221; &#8212; IML\" src=\"https:\/\/iml.fi\/remotair-alykas-valvontakamera-ilmanvaihdon-ongelmien-ennakointiin\/embed\/#?secret=VL0FHWVFb9#?secret=Y456Ax18v5\" data-secret=\"Y456Ax18v5\" width=\"600\" height=\"338\" frameborder=\"0\" marginwidth=\"0\" marginheight=\"0\" scrolling=\"no\"><\/iframe><\/div>\n\t\t\t\t<\/div>\n\t\t\t\t\t\t\t\t\t\t<script type=\"application\/ld+json\">{\"@context\":\"https:\\\/\\\/schema.org\",\"@type\":\"FAQPage\",\"mainEntity\":[{\"@type\":\"Question\",\"name\":\"RemotAir\",\"acceptedAnswer\":{\"@type\":\"Answer\",\"text\":\"<blockquote class=\\\"wp-embedded-content\\\" data-secret=\\\"Y456Ax18v5\\\"><a href=\\\"https:\\\/\\\/iml.fi\\\/remotair-alykas-valvontakamera-ilmanvaihdon-ongelmien-ennakointiin\\\/\\\">RemotAir \\u2013 \\u00c4lyk\\u00e4s valvontakamera ilmanvaihdon ongelmien ennakointiin<\\\/a><\\\/blockquote><iframe class=\\\"wp-embedded-content\\\" sandbox=\\\"allow-scripts\\\" security=\\\"restricted\\\" style=\\\"position: absolute; visibility: hidden;\\\" title=\\\"&#8221;RemotAir \\u2013 \\u00c4lyk\\u00e4s valvontakamera ilmanvaihdon ongelmien ennakointiin&#8221; &#8212; IML\\\" src=\\\"https:\\\/\\\/iml.fi\\\/remotair-alykas-valvontakamera-ilmanvaihdon-ongelmien-ennakointiin\\\/embed\\\/#?secret=VL0FHWVFb9#?secret=Y456Ax18v5\\\" data-secret=\\\"Y456Ax18v5\\\" width=\\\"600\\\" height=\\\"338\\\" frameborder=\\\"0\\\" marginwidth=\\\"0\\\" marginheight=\\\"0\\\" scrolling=\\\"no\\\"><\\\/iframe>\"}}]}<\/script>\n\t\t\t\t\t<\/div>\n\t\t\t\t\t\t<\/div>\n\t\t\t\t<\/div>\n\t\t\t\t<div class=\"elementor-element elementor-element-3e237a3 elementor-widget elementor-widget-button\" data-id=\"3e237a3\" data-element_type=\"widget\" data-e-type=\"widget\" data-widget_type=\"button.default\">\n\t\t\t\t<div class=\"elementor-widget-container\">\n\t\t\t\t\t\t\t\t\t<div class=\"elementor-button-wrapper\">\n\t\t\t\t\t<a class=\"elementor-button elementor-button-link elementor-size-sm\" href=\"\/yhteystiedot\/#yhteystiedot\">\n\t\t\t\t\t\t<span class=\"elementor-button-content-wrapper\">\n\t\t\t\t\t\t\t\t\t<span class=\"elementor-button-text\">Ota yhteytt\u00e4<\/span>\n\t\t\t\t\t<\/span>\n\t\t\t\t\t<\/a>\n\t\t\t\t<\/div>\n\t\t\t\t\t\t\t\t<\/div>\n\t\t\t\t<\/div>\n\t\t\t\t<\/div>\n\t\t<div class=\"elementor-element elementor-element-ec921ea e-con-full e-flex e-con e-child\" data-id=\"ec921ea\" data-element_type=\"container\" data-e-type=\"container\" data-settings=\"{&quot;jet_parallax_layout_list&quot;:[]}\">\n\t\t\t\t<div class=\"elementor-element elementor-element-78537eb elementor-widget elementor-widget-image\" data-id=\"78537eb\" data-element_type=\"widget\" data-e-type=\"widget\" data-widget_type=\"image.default\">\n\t\t\t\t<div class=\"elementor-widget-container\">\n\t\t\t\t\t\t\t\t\t\t\t\t\t\t\t<img fetchpriority=\"high\" decoding=\"async\" width=\"800\" height=\"800\" src=\"https:\/\/iml.fi\/wp-content\/uploads\/2024\/06\/IML-innovations_logo-RGB.svg\" class=\"attachment-large size-large wp-image-2428\" alt=\"ImL Innovations and Solutions\" \/>\t\t\t\t\t\t\t\t\t\t\t\t\t\t\t<\/div>\n\t\t\t\t<\/div>\n\t\t\t\t<\/div>\n\t\t\t\t\t<\/div>\n\t\t\t\t<\/div>\n\t\t\t\t<\/div>\n\t\t","protected":false},"excerpt":{"rendered":"<p>IML-Innovations &amp; Solutions on sitoutunut kehitt\u00e4m\u00e4\u00e4n ratkaisuja ja diagnostiikkaty\u00f6kaluja, tehostamaan LVI ja rakennusalan ammattilaisten joka p\u00e4iv\u00e4ist\u00e4 toimintaa. N\u00e4m\u00e4 ty\u00f6kalut auttavat tunnistamaan mahdolliset ongelmakohdat ja tehostamaan prosessiasi. Markkinoiden Parhaimmat Tarkastusty\u00f6kalut Tarjoamme markkinoiden parhaimpia ilmanvaihdon tarkastusty\u00f6kaluja. Tuotevalikoimamme sis\u00e4lt\u00e4\u00e4 edistyneit\u00e4 ajettavia kameroita ja valvontaty\u00f6kaluja, jotka on suunniteltu tarjoamaan kattavia ja yksityiskohtaisia tarkastuksia ilmanvaihtoj\u00e4rjestelmist\u00e4. N\u00e4m\u00e4 ty\u00f6kalut ovat v\u00e4ltt\u00e4m\u00e4tt\u00f6mi\u00e4 ammattilaisille, [&hellip;]<\/p>\n","protected":false},"author":1,"featured_media":0,"parent":0,"menu_order":0,"comment_status":"closed","ping_status":"closed","template":"","meta":{"footnotes":""},"class_list":["post-2426","page","type-page","status-publish","hentry"],"_links":{"self":[{"href":"https:\/\/iml.fi\/en\/wp-json\/wp\/v2\/pages\/2426","targetHints":{"allow":["GET"]}}],"collection":[{"href":"https:\/\/iml.fi\/en\/wp-json\/wp\/v2\/pages"}],"about":[{"href":"https:\/\/iml.fi\/en\/wp-json\/wp\/v2\/types\/page"}],"author":[{"embeddable":true,"href":"https:\/\/iml.fi\/en\/wp-json\/wp\/v2\/users\/1"}],"replies":[{"embeddable":true,"href":"https:\/\/iml.fi\/en\/wp-json\/wp\/v2\/comments?post=2426"}],"version-history":[{"count":67,"href":"https:\/\/iml.fi\/en\/wp-json\/wp\/v2\/pages\/2426\/revisions"}],"predecessor-version":[{"id":3419,"href":"https:\/\/iml.fi\/en\/wp-json\/wp\/v2\/pages\/2426\/revisions\/3419"}],"wp:attachment":[{"href":"https:\/\/iml.fi\/en\/wp-json\/wp\/v2\/media?parent=2426"}],"curies":[{"name":"wp","href":"https:\/\/api.w.org\/{rel}","templated":true}]}}