{"id":3042,"date":"2025-03-06T09:08:38","date_gmt":"2025-03-06T07:08:38","guid":{"rendered":"https:\/\/iml.fi\/?page_id=3042"},"modified":"2025-03-06T15:41:50","modified_gmt":"2025-03-06T13:41:50","slug":"ilmanvaihdon-ja-automaation-toiminnan-selvitykset","status":"publish","type":"page","link":"https:\/\/iml.fi\/en\/ilmanvaihdon-ja-automaation-toiminnan-selvitykset\/","title":{"rendered":"Ventilation and Automation Performance Assessments"},"content":{"rendered":"\t\t<div data-elementor-type=\"wp-page\" data-elementor-id=\"3042\" class=\"elementor elementor-3042\" data-elementor-post-type=\"page\">\n\t\t\t\t<div class=\"elementor-element elementor-element-ed125a0 e-flex e-con-boxed e-con e-parent\" data-id=\"ed125a0\" data-element_type=\"container\" data-e-type=\"container\" data-settings=\"{&quot;background_background&quot;:&quot;classic&quot;,&quot;jet_parallax_layout_list&quot;:[]}\">\n\t\t\t\t\t<div class=\"e-con-inner\">\n\t\t\t\t<div class=\"elementor-element elementor-element-ea4d9a0 elementor-widget elementor-widget-image\" data-id=\"ea4d9a0\" data-element_type=\"widget\" data-e-type=\"widget\" data-widget_type=\"image.default\">\n\t\t\t\t<div class=\"elementor-widget-container\">\n\t\t\t\t\t\t\t\t\t\t\t\t\t\t\t\t<a href=\"https:\/\/iml.fi\/\">\n\t\t\t\t\t\t\t<img decoding=\"async\" width=\"150\" height=\"150\" src=\"https:\/\/iml.fi\/wp-content\/uploads\/2025\/01\/IML-consulting_logo-RGB-150x150.png\" class=\"attachment-thumbnail size-thumbnail wp-image-2806\" alt=\"ImL Consulting and expert services\" srcset=\"https:\/\/iml.fi\/wp-content\/uploads\/2025\/01\/IML-consulting_logo-RGB-150x150.png 150w, https:\/\/iml.fi\/wp-content\/uploads\/2025\/01\/IML-consulting_logo-RGB-300x300.png 300w, https:\/\/iml.fi\/wp-content\/uploads\/2025\/01\/IML-consulting_logo-RGB-1024x1024.png 1024w, https:\/\/iml.fi\/wp-content\/uploads\/2025\/01\/IML-consulting_logo-RGB-768x768.png 768w, https:\/\/iml.fi\/wp-content\/uploads\/2025\/01\/IML-consulting_logo-RGB-1536x1536.png 1536w, https:\/\/iml.fi\/wp-content\/uploads\/2025\/01\/IML-consulting_logo-RGB-2048x2048.png 2048w, https:\/\/iml.fi\/wp-content\/uploads\/2025\/01\/IML-consulting_logo-RGB-12x12.png 12w\" sizes=\"(max-width: 150px) 100vw, 150px\" \/>\t\t\t\t\t\t\t\t<\/a>\n\t\t\t\t\t\t\t\t\t\t\t\t\t\t\t<\/div>\n\t\t\t\t<\/div>\n\t\t\t\t<div class=\"elementor-element elementor-element-f349e45 elementor-widget elementor-widget-heading\" data-id=\"f349e45\" data-element_type=\"widget\" data-e-type=\"widget\" data-widget_type=\"heading.default\">\n\t\t\t\t<div class=\"elementor-widget-container\">\n\t\t\t\t\t<h1 class=\"elementor-heading-title elementor-size-default\">Ilmanvaihdon ja automaation toiminnan selvitykset<\/h1>\t\t\t\t<\/div>\n\t\t\t\t<\/div>\n\t\t\t\t<div class=\"elementor-element elementor-element-3b2677f5 elementor-widget elementor-widget-text-editor\" data-id=\"3b2677f5\" data-element_type=\"widget\" data-e-type=\"widget\" data-widget_type=\"text-editor.default\">\n\t\t\t\t<div class=\"elementor-widget-container\">\n\t\t\t\t\t\t\t\t\t<p><span style=\"font-weight: 400;\">Onko kiinteist\u00f6ss\u00e4 korkea energiankulutus, outoja sis\u00e4ilmaongelmia tai muuta ilmanvaihdon aiheuttamaa harmia? Ongelmia voi olla esimerkiksi hajuhaitat, alipaineisuus, vetoisuus tai liiallinen l\u00e4mm\u00f6nkulutus.<\/span><\/p><p><span style=\"font-weight: 400;\">Teemme perusteelliset analyysit ja raportit ilmanvaihdon ja automaatioj\u00e4rjestelmien toiminnasta varmistaaksemme, ett\u00e4 ne toimivat optimaalisesti ja energiatehokkaasti. Selvityksen j\u00e4lkeen tied\u00e4mme, onko ilmanvaihdon puhdistus tai j\u00e4rjestelm\u00e4n muu huolto tarpeen.<\/span><\/p><p><span style=\"font-weight: 400;\">\u00a0<\/span><\/p>\t\t\t\t\t\t\t\t<\/div>\n\t\t\t\t<\/div>\n\t\t\t\t<div class=\"elementor-element elementor-element-0c712c1 elementor-widget elementor-widget-text-editor\" data-id=\"0c712c1\" data-element_type=\"widget\" data-e-type=\"widget\" data-widget_type=\"text-editor.default\">\n\t\t\t\t<div class=\"elementor-widget-container\">\n\t\t\t\t\t\t\t\t\t<h2><b>Millainen on ilmanvaihdon toiminnan selvitys?\n<\/b><\/h2>\t\t\t\t\t\t\t\t<\/div>\n\t\t\t\t<\/div>\n\t\t\t\t<div class=\"elementor-element elementor-element-75f7e0c elementor-widget elementor-widget-text-editor\" data-id=\"75f7e0c\" data-element_type=\"widget\" data-e-type=\"widget\" data-widget_type=\"text-editor.default\">\n\t\t\t\t<div class=\"elementor-widget-container\">\n\t\t\t\t\t\t\t\t\t<p><span style=\"font-weight: 400;\">\ud83d\udd39 <\/span><b>Suunnitelmien ja mitoitusten tarkastus<\/b><span style=\"font-weight: 400;\"> \u2013 K\u00e4ymme l\u00e4pi ilmanvaihtoj\u00e4rjestelm\u00e4n suunnitelmat ja toiminnan periaatteen.\u00a0<\/span><\/p><p><span style=\"font-weight: 400;\">\ud83d\udd39 <\/span><b>Ilmam\u00e4\u00e4rien analyysi<\/b><span style=\"font-weight: 400;\"> \u2013 Tarkistamme jokaisen arvo. Ovatko ne suunnitelman mukaisia? Onko tilan k\u00e4ytt\u00f6tapa muuttunut ja ilmam\u00e4\u00e4r\u00e4n tarve pienentynyt? Varmistamme, ett\u00e4 ilmanjako toimii suunnitellusti, jokaisella laitteella on raja-arvo, joka tulee tarkastaa oikean toiminnan takaamiseksi.\u00a0\u00a0<\/span><\/p><p><span style=\"font-weight: 400;\">\ud83d\udd39 <\/span><b>IV-Automaation tarkastus<\/b><span style=\"font-weight: 400;\"> \u2013 Selvit\u00e4mme j\u00e4rjestelm\u00e4n komponenttien toiminnan. Tarkistamme k\u00e4yt\u00e4nn\u00f6ss\u00e4, ovatko laitteet ja koneet kunnossa ja oikeissa asetuksissa.<\/span><\/p><p><span style=\"font-weight: 400;\">\ud83d\udd39 <\/span><b>Kokonaisvaltainen raportti ja suositukset<\/b><span style=\"font-weight: 400;\"> \u2013 Saat selke\u00e4n analyysin j\u00e4rjestelm\u00e4n tilasta sek\u00e4 tarvittaessa konkreettiset toimenpide-ehdotukset ilmanvaihdon yll\u00e4pitoon.<\/span><\/p><p><span style=\"font-weight: 400;\">\u00a0<\/span><\/p>\t\t\t\t\t\t\t\t<\/div>\n\t\t\t\t<\/div>\n\t\t\t\t<div class=\"elementor-element elementor-element-79db576 elementor-widget elementor-widget-text-editor\" data-id=\"79db576\" data-element_type=\"widget\" data-e-type=\"widget\" data-widget_type=\"text-editor.default\">\n\t\t\t\t<div class=\"elementor-widget-container\">\n\t\t\t\t\t\t\t\t\t<h2><b>Miksi kannattaa?\n<\/b><\/h2>\t\t\t\t\t\t\t\t<\/div>\n\t\t\t\t<\/div>\n\t\t\t\t<div class=\"elementor-element elementor-element-cecebea elementor-widget elementor-widget-text-editor\" data-id=\"cecebea\" data-element_type=\"widget\" data-e-type=\"widget\" data-widget_type=\"text-editor.default\">\n\t\t\t\t<div class=\"elementor-widget-container\">\n\t\t\t\t\t\t\t\t\t<p><span style=\"font-weight: 400;\">\u2705 <\/span><b>S\u00e4\u00e4st\u00e4t rahaa ja energiaa<\/b><span style=\"font-weight: 400;\"> \u2013 Optimoitu ilmanvaihto v\u00e4hent\u00e4\u00e4 turhaa energiankulutusta ja laskee k\u00e4ytt\u00f6kustannuksia.<\/span><\/p><p><span style=\"font-weight: 400;\">\u2705 <\/span><b>Suojaa terveytesi <\/b><span style=\"font-weight: 400;\">\u2013 Puhtaalla sis\u00e4ilman laadulla varmistat terveellisen ja turvallisen ilman kiinteist\u00f6n k\u00e4ytt\u00e4jille.<\/span><\/p><p><span style=\"font-weight: 400;\">\u2705 <\/span><b>Ennakoiva huolto<\/b><span style=\"font-weight: 400;\"> \u2013 V\u00e4henn\u00e4t j\u00e4rjestelm\u00e4vikoja ja v\u00e4lt\u00e4t yll\u00e4tt\u00e4v\u00e4t ja kalliit korjauskulut.<\/span><\/p><p>\u00a0<\/p>\t\t\t\t\t\t\t\t<\/div>\n\t\t\t\t<\/div>\n\t\t\t\t<div class=\"elementor-element elementor-element-d219855 elementor-widget elementor-widget-text-editor\" data-id=\"d219855\" data-element_type=\"widget\" data-e-type=\"widget\" data-widget_type=\"text-editor.default\">\n\t\t\t\t<div class=\"elementor-widget-container\">\n\t\t\t\t\t\t\t\t\t<p><span style=\"font-weight: 400;\">Jokainen kiinteist\u00f6 on erilainen, joten r\u00e4\u00e4t\u00e4l\u00f6imme selvityksen tarpeidesi mukaan.<\/span><\/p><p style=\"font-weight: 400;\">Tarvitseeko kiinteist\u00f6 ilmanvaihdon tiiveysluokituksen upgreidauksen?\u00a0<\/p><p style=\"font-weight: 400;\">Selvitet\u00e4\u00e4n yhdess\u00e4!<\/p>\t\t\t\t\t\t\t\t<\/div>\n\t\t\t\t<\/div>\n\t\t\t\t<div class=\"elementor-element elementor-element-a951b32 elementor-align-center elementor-widget elementor-widget-button\" data-id=\"a951b32\" data-element_type=\"widget\" data-e-type=\"widget\" data-widget_type=\"button.default\">\n\t\t\t\t<div class=\"elementor-widget-container\">\n\t\t\t\t\t\t\t\t\t<div class=\"elementor-button-wrapper\">\n\t\t\t\t\t<a class=\"elementor-button elementor-button-link elementor-size-sm\" href=\"#yhteys\">\n\t\t\t\t\t\t<span class=\"elementor-button-content-wrapper\">\n\t\t\t\t\t\t\t\t\t<span class=\"elementor-button-text\">Ota yhteytt\u00e4 ja kysy lis\u00e4\u00e4<\/span>\n\t\t\t\t\t<\/span>\n\t\t\t\t\t<\/a>\n\t\t\t\t<\/div>\n\t\t\t\t\t\t\t\t<\/div>\n\t\t\t\t<\/div>\n\t\t\t\t<div class=\"elementor-element elementor-element-302dfbc elementor-widget elementor-widget-image\" data-id=\"302dfbc\" data-element_type=\"widget\" data-e-type=\"widget\" data-widget_type=\"image.default\">\n\t\t\t\t<div class=\"elementor-widget-container\">\n\t\t\t\t\t\t\t\t\t\t\t\t\t\t\t<img fetchpriority=\"high\" decoding=\"async\" width=\"800\" height=\"450\" src=\"https:\/\/iml.fi\/wp-content\/uploads\/2025\/03\/CF85180D-E535-4D2B-BF60-C9F9E25F318C-1024x576.jpg\" class=\"attachment-large size-large wp-image-3117\" alt=\"Ilmanvaihdon ja automaation toiminnan selvitykset\" srcset=\"https:\/\/iml.fi\/wp-content\/uploads\/2025\/03\/CF85180D-E535-4D2B-BF60-C9F9E25F318C-1024x576.jpg 1024w, https:\/\/iml.fi\/wp-content\/uploads\/2025\/03\/CF85180D-E535-4D2B-BF60-C9F9E25F318C-300x169.jpg 300w, https:\/\/iml.fi\/wp-content\/uploads\/2025\/03\/CF85180D-E535-4D2B-BF60-C9F9E25F318C-768x432.jpg 768w, https:\/\/iml.fi\/wp-content\/uploads\/2025\/03\/CF85180D-E535-4D2B-BF60-C9F9E25F318C-1536x864.jpg 1536w, https:\/\/iml.fi\/wp-content\/uploads\/2025\/03\/CF85180D-E535-4D2B-BF60-C9F9E25F318C-18x10.jpg 18w, https:\/\/iml.fi\/wp-content\/uploads\/2025\/03\/CF85180D-E535-4D2B-BF60-C9F9E25F318C.jpg 1800w\" sizes=\"(max-width: 800px) 100vw, 800px\" \/>\t\t\t\t\t\t\t\t\t\t\t\t\t\t\t<\/div>\n\t\t\t\t<\/div>\n\t\t\t\t<div class=\"elementor-element elementor-element-99124a1 elementor-widget elementor-widget-menu-anchor\" data-id=\"99124a1\" data-element_type=\"widget\" data-e-type=\"widget\" data-widget_type=\"menu-anchor.default\">\n\t\t\t\t<div class=\"elementor-widget-container\">\n\t\t\t\t\t\t\t<div class=\"elementor-menu-anchor\" id=\"yhteys\"><\/div>\n\t\t\t\t\t\t<\/div>\n\t\t\t\t<\/div>\n\t\t\t\t<div class=\"elementor-element elementor-element-29b20dd elementor-widget elementor-widget-heading\" data-id=\"29b20dd\" data-element_type=\"widget\" data-e-type=\"widget\" data-widget_type=\"heading.default\">\n\t\t\t\t<div class=\"elementor-widget-container\">\n\t\t\t\t\t<h2 class=\"elementor-heading-title elementor-size-default\">Ota yhteytt\u00e4<\/h2>\t\t\t\t<\/div>\n\t\t\t\t<\/div>\n\t\t\t\t<div class=\"elementor-element elementor-element-36e421b elementor-button-align-stretch elementor-widget elementor-widget-form\" data-id=\"36e421b\" data-element_type=\"widget\" data-e-type=\"widget\" data-settings=\"{&quot;step_next_label&quot;:&quot;Next&quot;,&quot;step_previous_label&quot;:&quot;Previous&quot;,&quot;button_width&quot;:&quot;100&quot;,&quot;step_type&quot;:&quot;number_text&quot;,&quot;step_icon_shape&quot;:&quot;circle&quot;}\" data-widget_type=\"form.default\">\n\t\t\t\t<div class=\"elementor-widget-container\">\n\t\t\t\t\t\t\t<form class=\"elementor-form\" method=\"post\" name=\"New Form\" aria-label=\"New Form\">\n\t\t\t<input type=\"hidden\" name=\"post_id\" value=\"3042\"\/>\n\t\t\t<input type=\"hidden\" name=\"form_id\" value=\"36e421b\"\/>\n\t\t\t<input type=\"hidden\" name=\"referer_title\" value=\"Ilmanvaihdon ja automaation toiminnan selvitykset - IML\" \/>\n\n\t\t\t\t\t\t\t<input type=\"hidden\" name=\"queried_id\" value=\"3042\"\/>\n\t\t\t\n\t\t\t<div class=\"elementor-form-fields-wrapper elementor-labels-above\">\n\t\t\t\t\t\t\t\t<div class=\"elementor-field-type-text elementor-field-group elementor-column elementor-field-group-name elementor-col-100 elementor-field-required elementor-mark-required\">\n\t\t\t\t\t\t\t\t\t\t\t\t<label for=\"form-field-name\" class=\"elementor-field-label\">\n\t\t\t\t\t\t\t\tNimesi\t\t\t\t\t\t\t<\/label>\n\t\t\t\t\t\t\t\t\t\t\t\t\t\t<input size=\"1\" type=\"text\" name=\"form_fields[name]\" id=\"form-field-name\" class=\"elementor-field elementor-size-md  elementor-field-textual\" required=\"required\">\n\t\t\t\t\t\t\t\t\t\t\t<\/div>\n\t\t\t\t\t\t\t\t<div class=\"elementor-field-type-email elementor-field-group elementor-column elementor-field-group-email elementor-col-100 elementor-field-required elementor-mark-required\">\n\t\t\t\t\t\t\t\t\t\t\t\t<label for=\"form-field-email\" class=\"elementor-field-label\">\n\t\t\t\t\t\t\t\tS\u00e4hk\u00f6postiosoitteesi\t\t\t\t\t\t\t<\/label>\n\t\t\t\t\t\t\t\t\t\t\t\t\t\t<input size=\"1\" type=\"email\" name=\"form_fields[email]\" id=\"form-field-email\" class=\"elementor-field elementor-size-md  elementor-field-textual\" required=\"required\">\n\t\t\t\t\t\t\t\t\t\t\t<\/div>\n\t\t\t\t\t\t\t\t<div class=\"elementor-field-type-tel elementor-field-group elementor-column elementor-field-group-message elementor-col-100\">\n\t\t\t\t\t\t\t\t\t\t\t\t<label for=\"form-field-message\" class=\"elementor-field-label\">\n\t\t\t\t\t\t\t\tPuhelinnumerosi\t\t\t\t\t\t\t<\/label>\n\t\t\t\t\t\t\t\t<input size=\"1\" type=\"tel\" name=\"form_fields[message]\" id=\"form-field-message\" class=\"elementor-field elementor-size-md  elementor-field-textual\" pattern=\"[0-9()#&amp;+*-=.]+\" title=\"Only numbers and phone characters (#, -, *, etc) are accepted.\">\n\n\t\t\t\t\t\t<\/div>\n\t\t\t\t\t\t\t\t<div class=\"elementor-field-type-radio elementor-field-group elementor-column elementor-field-group-field_8871836 elementor-col-100 elementor-field-required elementor-mark-required\">\n\t\t\t\t\t\t\t\t\t\t\t\t<label for=\"form-field-field_8871836\" class=\"elementor-field-label\">\n\t\t\t\t\t\t\t\tOletko\t\t\t\t\t\t\t<\/label>\n\t\t\t\t\t\t<div class=\"elementor-field-subgroup  \"><span class=\"elementor-field-option\"><input type=\"radio\" value=\"Kiinteist\u00f6nomistaja\/edustaja\" id=\"form-field-field_8871836-0\" name=\"form_fields[field_8871836]\" required=\"required\"> <label for=\"form-field-field_8871836-0\">Kiinteist\u00f6nomistaja\/edustaja<\/label><\/span><span class=\"elementor-field-option\"><input type=\"radio\" value=\"Urakoitsija\" id=\"form-field-field_8871836-1\" name=\"form_fields[field_8871836]\" required=\"required\"> <label for=\"form-field-field_8871836-1\">Urakoitsija<\/label><\/span><span class=\"elementor-field-option\"><input type=\"radio\" value=\"Kiinnostunut tulemaan Aeroseal-partneriksi\" id=\"form-field-field_8871836-2\" name=\"form_fields[field_8871836]\" required=\"required\"> <label for=\"form-field-field_8871836-2\">Kiinnostunut tulemaan Aeroseal-partneriksi<\/label><\/span><\/div>\t\t\t\t<\/div>\n\t\t\t\t\t\t\t\t<div class=\"elementor-field-type-textarea elementor-field-group elementor-column elementor-field-group-field_9533ca7 elementor-col-100\">\n\t\t\t\t\t\t\t\t\t\t\t\t<label for=\"form-field-field_9533ca7\" class=\"elementor-field-label\">\n\t\t\t\t\t\t\t\tViestisi\t\t\t\t\t\t\t<\/label>\n\t\t\t\t\t\t<textarea class=\"elementor-field-textual elementor-field  elementor-size-md\" name=\"form_fields[field_9533ca7]\" id=\"form-field-field_9533ca7\" rows=\"4\"><\/textarea>\t\t\t\t<\/div>\n\t\t\t\t\t\t\t\t<div class=\"elementor-field-type-checkbox elementor-field-group elementor-column elementor-field-group-field_e73440d elementor-col-100\">\n\t\t\t\t\t<div class=\"elementor-field-subgroup  \"><span class=\"elementor-field-option\"><input type=\"checkbox\" value=\"Liityn uutiskirjetilaajaksi\" id=\"form-field-field_e73440d-0\" name=\"form_fields[field_e73440d]\"> <label for=\"form-field-field_e73440d-0\">Liityn uutiskirjetilaajaksi<\/label><\/span><\/div>\t\t\t\t<\/div>\n\t\t\t\t\t\t\t\t<div class=\"elementor-field-group elementor-column elementor-field-type-submit elementor-col-100 e-form__buttons\">\n\t\t\t\t\t<button class=\"elementor-button elementor-size-sm\" type=\"submit\">\n\t\t\t\t\t\t<span class=\"elementor-button-content-wrapper\">\n\t\t\t\t\t\t\t\t\t\t\t\t\t\t\t\t\t\t\t\t\t\t<span class=\"elementor-button-text\">L\u00e4het\u00e4<\/span>\n\t\t\t\t\t\t\t\t\t\t\t\t\t<\/span>\n\t\t\t\t\t<\/button>\n\t\t\t\t<\/div>\n\t\t\t<\/div>\n\t\t<\/form>\n\t\t\t\t\t\t<\/div>\n\t\t\t\t<\/div>\n\t\t\t\t\t<\/div>\n\t\t\t\t<\/div>\n\t\t\t\t<\/div>\n\t\t","protected":false},"excerpt":{"rendered":"<p>Onko kiinteist\u00f6ss\u00e4 korkea energiankulutus, outoja sis\u00e4ilmaongelmia tai muuta ilmanvaihdon aiheuttamaa harmia? Ongelmia voi olla esimerkiksi hajuhaitat, alipaineisuus, vetoisuus tai liiallinen l\u00e4mm\u00f6nkulutus. Teemme perusteelliset analyysit ja raportit ilmanvaihdon ja automaatioj\u00e4rjestelmien toiminnasta varmistaaksemme, ett\u00e4 ne toimivat optimaalisesti ja energiatehokkaasti. Selvityksen j\u00e4lkeen tied\u00e4mme, onko ilmanvaihdon puhdistus tai j\u00e4rjestelm\u00e4n muu huolto tarpeen. \u00a0 Millainen on ilmanvaihdon toiminnan selvitys? \ud83d\udd39 [&hellip;]<\/p>\n","protected":false},"author":6,"featured_media":0,"parent":0,"menu_order":0,"comment_status":"closed","ping_status":"closed","template":"","meta":{"footnotes":""},"class_list":["post-3042","page","type-page","status-publish","hentry"],"_links":{"self":[{"href":"https:\/\/iml.fi\/en\/wp-json\/wp\/v2\/pages\/3042","targetHints":{"allow":["GET"]}}],"collection":[{"href":"https:\/\/iml.fi\/en\/wp-json\/wp\/v2\/pages"}],"about":[{"href":"https:\/\/iml.fi\/en\/wp-json\/wp\/v2\/types\/page"}],"author":[{"embeddable":true,"href":"https:\/\/iml.fi\/en\/wp-json\/wp\/v2\/users\/6"}],"replies":[{"embeddable":true,"href":"https:\/\/iml.fi\/en\/wp-json\/wp\/v2\/comments?post=3042"}],"version-history":[{"count":22,"href":"https:\/\/iml.fi\/en\/wp-json\/wp\/v2\/pages\/3042\/revisions"}],"predecessor-version":[{"id":3154,"href":"https:\/\/iml.fi\/en\/wp-json\/wp\/v2\/pages\/3042\/revisions\/3154"}],"wp:attachment":[{"href":"https:\/\/iml.fi\/en\/wp-json\/wp\/v2\/media?parent=3042"}],"curies":[{"name":"wp","href":"https:\/\/api.w.org\/{rel}","templated":true}]}}