{"id":3055,"date":"2025-03-06T09:30:45","date_gmt":"2025-03-06T07:30:45","guid":{"rendered":"https:\/\/iml.fi\/?page_id=3055"},"modified":"2025-03-12T12:20:03","modified_gmt":"2025-03-12T10:20:03","slug":"lvia-kuntotutkimukset-ja-selvitykset","status":"publish","type":"page","link":"https:\/\/iml.fi\/en\/lvia-kuntotutkimukset-ja-selvitykset\/","title":{"rendered":"LVI-kuntotutkimukset ja selvitykset"},"content":{"rendered":"\t\t<div data-elementor-type=\"wp-page\" data-elementor-id=\"3055\" class=\"elementor elementor-3055\" data-elementor-post-type=\"page\">\n\t\t\t\t<div class=\"elementor-element elementor-element-ed125a0 e-flex e-con-boxed e-con e-parent\" data-id=\"ed125a0\" data-element_type=\"container\" data-e-type=\"container\" data-settings=\"{&quot;background_background&quot;:&quot;classic&quot;,&quot;jet_parallax_layout_list&quot;:[]}\">\n\t\t\t\t\t<div class=\"e-con-inner\">\n\t\t\t\t<div class=\"elementor-element elementor-element-ea4d9a0 elementor-widget elementor-widget-image\" data-id=\"ea4d9a0\" data-element_type=\"widget\" data-e-type=\"widget\" data-widget_type=\"image.default\">\n\t\t\t\t<div class=\"elementor-widget-container\">\n\t\t\t\t\t\t\t\t\t\t\t\t\t\t\t\t<a href=\"https:\/\/iml.fi\/\">\n\t\t\t\t\t\t\t<img decoding=\"async\" width=\"150\" height=\"150\" src=\"https:\/\/iml.fi\/wp-content\/uploads\/2025\/01\/IML-consulting_logo-RGB-150x150.png\" class=\"attachment-thumbnail size-thumbnail wp-image-2806\" alt=\"ImL Consulting and expert services\" srcset=\"https:\/\/iml.fi\/wp-content\/uploads\/2025\/01\/IML-consulting_logo-RGB-150x150.png 150w, https:\/\/iml.fi\/wp-content\/uploads\/2025\/01\/IML-consulting_logo-RGB-300x300.png 300w, https:\/\/iml.fi\/wp-content\/uploads\/2025\/01\/IML-consulting_logo-RGB-1024x1024.png 1024w, https:\/\/iml.fi\/wp-content\/uploads\/2025\/01\/IML-consulting_logo-RGB-768x768.png 768w, https:\/\/iml.fi\/wp-content\/uploads\/2025\/01\/IML-consulting_logo-RGB-1536x1536.png 1536w, https:\/\/iml.fi\/wp-content\/uploads\/2025\/01\/IML-consulting_logo-RGB-2048x2048.png 2048w, https:\/\/iml.fi\/wp-content\/uploads\/2025\/01\/IML-consulting_logo-RGB-12x12.png 12w\" sizes=\"(max-width: 150px) 100vw, 150px\" \/>\t\t\t\t\t\t\t\t<\/a>\n\t\t\t\t\t\t\t\t\t\t\t\t\t\t\t<\/div>\n\t\t\t\t<\/div>\n\t\t\t\t<div class=\"elementor-element elementor-element-f349e45 elementor-widget elementor-widget-heading\" data-id=\"f349e45\" data-element_type=\"widget\" data-e-type=\"widget\" data-widget_type=\"heading.default\">\n\t\t\t\t<div class=\"elementor-widget-container\">\n\t\t\t\t\t<h1 class=\"elementor-heading-title elementor-size-default\">LVI-kuntotutkimukset ja selvitykset<\/h1>\t\t\t\t<\/div>\n\t\t\t\t<\/div>\n\t\t\t\t<div class=\"elementor-element elementor-element-3b2677f5 elementor-widget elementor-widget-text-editor\" data-id=\"3b2677f5\" data-element_type=\"widget\" data-e-type=\"widget\" data-widget_type=\"text-editor.default\">\n\t\t\t\t<div class=\"elementor-widget-container\">\n\t\t\t\t\t\t\t\t\t<p><span style=\"font-weight: 400;\">Onko kiinteist\u00f6ss\u00e4 ep\u00e4tasainen l\u00e4mmitys, korkeita energiakuluja tai j\u00e4rjestelmien toimintah\u00e4iri\u00f6it\u00e4? Ongelmat voivat n\u00e4ky\u00e4 esimerkiksi kylmin\u00e4 tiloina, ep\u00e4tasaisena l\u00e4mm\u00f6njakona tai huonona sis\u00e4ilman laatuna. Selvitet\u00e4\u00e4n syy yhdess\u00e4!<\/span><\/p><p><span style=\"font-weight: 400;\">Suoritamme kattavat LVIA-j\u00e4rjestelmien kuntotutkimukset ja selvitykset, joiden avulla voimme tunnistaa ongelmat ja tarjota k\u00e4yt\u00e4nn\u00f6llisi\u00e4 ratkaisuja kiinteist\u00f6n j\u00e4rjestelmien optimointiin.<\/span><\/p><p>\u00a0<\/p>\t\t\t\t\t\t\t\t<\/div>\n\t\t\t\t<\/div>\n\t\t\t\t<div class=\"elementor-element elementor-element-0c712c1 elementor-widget elementor-widget-text-editor\" data-id=\"0c712c1\" data-element_type=\"widget\" data-e-type=\"widget\" data-widget_type=\"text-editor.default\">\n\t\t\t\t<div class=\"elementor-widget-container\">\n\t\t\t\t\t\t\t\t\t<h2><b>Miten kuntotutkimus tehd\u00e4\u00e4n?\n<\/b><\/h2>\t\t\t\t\t\t\t\t<\/div>\n\t\t\t\t<\/div>\n\t\t\t\t<div class=\"elementor-element elementor-element-75f7e0c elementor-widget elementor-widget-text-editor\" data-id=\"75f7e0c\" data-element_type=\"widget\" data-e-type=\"widget\" data-widget_type=\"text-editor.default\">\n\t\t\t\t<div class=\"elementor-widget-container\">\n\t\t\t\t\t\t\t\t\t<p><span style=\"font-weight: 400;\">\ud83d\udd39 <\/span><b>J\u00e4rjestelmien analyysi <\/b><span style=\"font-weight: 400;\">\u2013 Selvit\u00e4mme nykytilan ja suorituskyvyn. Tarkistamme, toimiiko j\u00e4rjestelm\u00e4 energiatehokkaasti ja vastaako se kiinteist\u00f6n tarpeita.<\/span><\/p><p><b>\ud83d\udd39 Automaation tarkastus<\/b><span style=\"font-weight: 400;\"> \u2013 Tutkimme, ovatko asetukset ja s\u00e4\u00e4d\u00f6t kunnossa ja toimiiko j\u00e4rjestelm\u00e4 oikein.\u00a0<\/span><\/p><p><b>\ud83d\udd39 Kokonaisvaltainen raportti ja suositukset<\/b><span style=\"font-weight: 400;\"> \u2013 Saat kattavan selvityksen j\u00e4rjestelm\u00e4si kunnosta sek\u00e4 selke\u00e4t toimenpide-ehdotukset mahdollisiin parannuksiin.<\/span><span style=\"font-weight: 400;\">\u00a0<\/span><\/p><p>\u00a0<\/p>\t\t\t\t\t\t\t\t<\/div>\n\t\t\t\t<\/div>\n\t\t\t\t<div class=\"elementor-element elementor-element-79db576 elementor-widget elementor-widget-text-editor\" data-id=\"79db576\" data-element_type=\"widget\" data-e-type=\"widget\" data-widget_type=\"text-editor.default\">\n\t\t\t\t<div class=\"elementor-widget-container\">\n\t\t\t\t\t\t\t\t\t<h2><b>Miksi kannattaa?\n<\/b><\/h2>\t\t\t\t\t\t\t\t<\/div>\n\t\t\t\t<\/div>\n\t\t\t\t<div class=\"elementor-element elementor-element-cecebea elementor-widget elementor-widget-text-editor\" data-id=\"cecebea\" data-element_type=\"widget\" data-e-type=\"widget\" data-widget_type=\"text-editor.default\">\n\t\t\t\t<div class=\"elementor-widget-container\">\n\t\t\t\t\t\t\t\t\t<p><b>\u2705 S\u00e4\u00e4st\u00e4t rahaa ja energiaa<\/b><span style=\"font-weight: 400;\"> \u2013 Optimoidut ja toimivat j\u00e4rjestelm\u00e4t pinent\u00e4v\u00e4t energiankulutusta ja alentavat kustannuksia.<\/span><\/p><p><b>\u2705 Parempi sis\u00e4ilman laatu ja mukavuus <\/b><span style=\"font-weight: 400;\">\u2013 Tasapainoinen j\u00e4rjestelm\u00e4 varmistaa miellytt\u00e4v\u00e4t sis\u00e4olosuhteet ymp\u00e4ri vuoden.<\/span><\/p><p><b>\u2705 R\u00e4\u00e4t\u00e4l\u00f6ity tarpeidesi mukaan <\/b><span style=\"font-weight: 400;\">\u2013 Jokainen kiinteist\u00f6 on erilainen, ja siksi tarjoamme juuri sinun tarpeisiisi sopivan selvityksen.<\/span><\/p>\t\t\t\t\t\t\t\t<\/div>\n\t\t\t\t<\/div>\n\t\t\t\t<div class=\"elementor-element elementor-element-a951b32 elementor-align-center elementor-widget elementor-widget-button\" data-id=\"a951b32\" data-element_type=\"widget\" data-e-type=\"widget\" data-widget_type=\"button.default\">\n\t\t\t\t<div class=\"elementor-widget-container\">\n\t\t\t\t\t\t\t\t\t<div class=\"elementor-button-wrapper\">\n\t\t\t\t\t<a class=\"elementor-button elementor-button-link elementor-size-sm\" href=\"#yhteys\">\n\t\t\t\t\t\t<span class=\"elementor-button-content-wrapper\">\n\t\t\t\t\t\t\t\t\t<span class=\"elementor-button-text\">Ota yhteytt\u00e4 ja kysy lis\u00e4\u00e4<\/span>\n\t\t\t\t\t<\/span>\n\t\t\t\t\t<\/a>\n\t\t\t\t<\/div>\n\t\t\t\t\t\t\t\t<\/div>\n\t\t\t\t<\/div>\n\t\t\t\t<div class=\"elementor-element elementor-element-302dfbc elementor-widget elementor-widget-image\" data-id=\"302dfbc\" data-element_type=\"widget\" data-e-type=\"widget\" data-widget_type=\"image.default\">\n\t\t\t\t<div class=\"elementor-widget-container\">\n\t\t\t\t\t\t\t\t\t\t\t\t\t\t\t<img fetchpriority=\"high\" decoding=\"async\" width=\"800\" height=\"450\" src=\"https:\/\/iml.fi\/wp-content\/uploads\/2025\/03\/IMG_8036-1024x576.jpg\" class=\"attachment-large size-large wp-image-3078\" alt=\"\" srcset=\"https:\/\/iml.fi\/wp-content\/uploads\/2025\/03\/IMG_8036-1024x576.jpg 1024w, https:\/\/iml.fi\/wp-content\/uploads\/2025\/03\/IMG_8036-300x169.jpg 300w, https:\/\/iml.fi\/wp-content\/uploads\/2025\/03\/IMG_8036-768x432.jpg 768w, https:\/\/iml.fi\/wp-content\/uploads\/2025\/03\/IMG_8036-1536x864.jpg 1536w, https:\/\/iml.fi\/wp-content\/uploads\/2025\/03\/IMG_8036-2048x1152.jpg 2048w, https:\/\/iml.fi\/wp-content\/uploads\/2025\/03\/IMG_8036-18x10.jpg 18w\" sizes=\"(max-width: 800px) 100vw, 800px\" \/>\t\t\t\t\t\t\t\t\t\t\t\t\t\t\t<\/div>\n\t\t\t\t<\/div>\n\t\t\t\t<div class=\"elementor-element elementor-element-99124a1 elementor-widget elementor-widget-menu-anchor\" data-id=\"99124a1\" data-element_type=\"widget\" data-e-type=\"widget\" data-widget_type=\"menu-anchor.default\">\n\t\t\t\t<div class=\"elementor-widget-container\">\n\t\t\t\t\t\t\t<div class=\"elementor-menu-anchor\" id=\"yhteys\"><\/div>\n\t\t\t\t\t\t<\/div>\n\t\t\t\t<\/div>\n\t\t\t\t<div class=\"elementor-element elementor-element-29b20dd elementor-widget elementor-widget-heading\" data-id=\"29b20dd\" data-element_type=\"widget\" data-e-type=\"widget\" data-widget_type=\"heading.default\">\n\t\t\t\t<div class=\"elementor-widget-container\">\n\t\t\t\t\t<h2 class=\"elementor-heading-title elementor-size-default\">Ota yhteytt\u00e4<\/h2>\t\t\t\t<\/div>\n\t\t\t\t<\/div>\n\t\t\t\t<div class=\"elementor-element elementor-element-36e421b elementor-button-align-stretch elementor-widget elementor-widget-form\" data-id=\"36e421b\" data-element_type=\"widget\" data-e-type=\"widget\" data-settings=\"{&quot;step_next_label&quot;:&quot;Next&quot;,&quot;step_previous_label&quot;:&quot;Previous&quot;,&quot;button_width&quot;:&quot;100&quot;,&quot;step_type&quot;:&quot;number_text&quot;,&quot;step_icon_shape&quot;:&quot;circle&quot;}\" data-widget_type=\"form.default\">\n\t\t\t\t<div class=\"elementor-widget-container\">\n\t\t\t\t\t\t\t<form class=\"elementor-form\" method=\"post\" name=\"New Form\" aria-label=\"New Form\">\n\t\t\t<input type=\"hidden\" name=\"post_id\" value=\"3055\"\/>\n\t\t\t<input type=\"hidden\" name=\"form_id\" value=\"36e421b\"\/>\n\t\t\t<input type=\"hidden\" name=\"referer_title\" value=\"LVI-kuntotutkimukset ja selvitykset - IML\" \/>\n\n\t\t\t\t\t\t\t<input type=\"hidden\" name=\"queried_id\" value=\"3055\"\/>\n\t\t\t\n\t\t\t<div class=\"elementor-form-fields-wrapper elementor-labels-above\">\n\t\t\t\t\t\t\t\t<div class=\"elementor-field-type-text elementor-field-group elementor-column elementor-field-group-name elementor-col-100 elementor-field-required elementor-mark-required\">\n\t\t\t\t\t\t\t\t\t\t\t\t<label for=\"form-field-name\" class=\"elementor-field-label\">\n\t\t\t\t\t\t\t\tNimesi\t\t\t\t\t\t\t<\/label>\n\t\t\t\t\t\t\t\t\t\t\t\t\t\t<input size=\"1\" type=\"text\" name=\"form_fields[name]\" id=\"form-field-name\" class=\"elementor-field elementor-size-md  elementor-field-textual\" required=\"required\">\n\t\t\t\t\t\t\t\t\t\t\t<\/div>\n\t\t\t\t\t\t\t\t<div class=\"elementor-field-type-email elementor-field-group elementor-column elementor-field-group-email elementor-col-100 elementor-field-required elementor-mark-required\">\n\t\t\t\t\t\t\t\t\t\t\t\t<label for=\"form-field-email\" class=\"elementor-field-label\">\n\t\t\t\t\t\t\t\tS\u00e4hk\u00f6postiosoitteesi\t\t\t\t\t\t\t<\/label>\n\t\t\t\t\t\t\t\t\t\t\t\t\t\t<input size=\"1\" type=\"email\" name=\"form_fields[email]\" id=\"form-field-email\" class=\"elementor-field elementor-size-md  elementor-field-textual\" required=\"required\">\n\t\t\t\t\t\t\t\t\t\t\t<\/div>\n\t\t\t\t\t\t\t\t<div class=\"elementor-field-type-tel elementor-field-group elementor-column elementor-field-group-message elementor-col-100\">\n\t\t\t\t\t\t\t\t\t\t\t\t<label for=\"form-field-message\" class=\"elementor-field-label\">\n\t\t\t\t\t\t\t\tPuhelinnumerosi\t\t\t\t\t\t\t<\/label>\n\t\t\t\t\t\t\t\t<input size=\"1\" type=\"tel\" name=\"form_fields[message]\" id=\"form-field-message\" class=\"elementor-field elementor-size-md  elementor-field-textual\" pattern=\"[0-9()#&amp;+*-=.]+\" title=\"Only numbers and phone characters (#, -, *, etc) are accepted.\">\n\n\t\t\t\t\t\t<\/div>\n\t\t\t\t\t\t\t\t<div class=\"elementor-field-type-radio elementor-field-group elementor-column elementor-field-group-field_8871836 elementor-col-100 elementor-field-required elementor-mark-required\">\n\t\t\t\t\t\t\t\t\t\t\t\t<label for=\"form-field-field_8871836\" class=\"elementor-field-label\">\n\t\t\t\t\t\t\t\tOletko\t\t\t\t\t\t\t<\/label>\n\t\t\t\t\t\t<div class=\"elementor-field-subgroup  \"><span class=\"elementor-field-option\"><input type=\"radio\" value=\"Kiinteist\u00f6nomistaja\/edustaja\" id=\"form-field-field_8871836-0\" name=\"form_fields[field_8871836]\" required=\"required\"> <label for=\"form-field-field_8871836-0\">Kiinteist\u00f6nomistaja\/edustaja<\/label><\/span><span class=\"elementor-field-option\"><input type=\"radio\" value=\"Urakoitsija\" id=\"form-field-field_8871836-1\" name=\"form_fields[field_8871836]\" required=\"required\"> <label for=\"form-field-field_8871836-1\">Urakoitsija<\/label><\/span><span class=\"elementor-field-option\"><input type=\"radio\" value=\"Kiinnostunut tulemaan Aeroseal-partneriksi\" id=\"form-field-field_8871836-2\" name=\"form_fields[field_8871836]\" required=\"required\"> <label for=\"form-field-field_8871836-2\">Kiinnostunut tulemaan Aeroseal-partneriksi<\/label><\/span><\/div>\t\t\t\t<\/div>\n\t\t\t\t\t\t\t\t<div class=\"elementor-field-type-textarea elementor-field-group elementor-column elementor-field-group-field_9533ca7 elementor-col-100\">\n\t\t\t\t\t\t\t\t\t\t\t\t<label for=\"form-field-field_9533ca7\" class=\"elementor-field-label\">\n\t\t\t\t\t\t\t\tViestisi\t\t\t\t\t\t\t<\/label>\n\t\t\t\t\t\t<textarea class=\"elementor-field-textual elementor-field  elementor-size-md\" name=\"form_fields[field_9533ca7]\" id=\"form-field-field_9533ca7\" rows=\"4\"><\/textarea>\t\t\t\t<\/div>\n\t\t\t\t\t\t\t\t<div class=\"elementor-field-type-checkbox elementor-field-group elementor-column elementor-field-group-field_e73440d elementor-col-100\">\n\t\t\t\t\t<div class=\"elementor-field-subgroup  \"><span class=\"elementor-field-option\"><input type=\"checkbox\" value=\"Liityn uutiskirjetilaajaksi\" id=\"form-field-field_e73440d-0\" name=\"form_fields[field_e73440d]\"> <label for=\"form-field-field_e73440d-0\">Liityn uutiskirjetilaajaksi<\/label><\/span><\/div>\t\t\t\t<\/div>\n\t\t\t\t\t\t\t\t<div class=\"elementor-field-group elementor-column elementor-field-type-submit elementor-col-100 e-form__buttons\">\n\t\t\t\t\t<button class=\"elementor-button elementor-size-sm\" type=\"submit\">\n\t\t\t\t\t\t<span class=\"elementor-button-content-wrapper\">\n\t\t\t\t\t\t\t\t\t\t\t\t\t\t\t\t\t\t\t\t\t\t<span class=\"elementor-button-text\">L\u00e4het\u00e4<\/span>\n\t\t\t\t\t\t\t\t\t\t\t\t\t<\/span>\n\t\t\t\t\t<\/button>\n\t\t\t\t<\/div>\n\t\t\t<\/div>\n\t\t<\/form>\n\t\t\t\t\t\t<\/div>\n\t\t\t\t<\/div>\n\t\t\t\t\t<\/div>\n\t\t\t\t<\/div>\n\t\t\t\t<\/div>\n\t\t","protected":false},"excerpt":{"rendered":"<p>Onko kiinteist\u00f6ss\u00e4 ep\u00e4tasainen l\u00e4mmitys, korkeita energiakuluja tai j\u00e4rjestelmien toimintah\u00e4iri\u00f6it\u00e4? Ongelmat voivat n\u00e4ky\u00e4 esimerkiksi kylmin\u00e4 tiloina, ep\u00e4tasaisena l\u00e4mm\u00f6njakona tai huonona sis\u00e4ilman laatuna. Selvitet\u00e4\u00e4n syy yhdess\u00e4! Suoritamme kattavat LVIA-j\u00e4rjestelmien kuntotutkimukset ja selvitykset, joiden avulla voimme tunnistaa ongelmat ja tarjota k\u00e4yt\u00e4nn\u00f6llisi\u00e4 ratkaisuja kiinteist\u00f6n j\u00e4rjestelmien optimointiin. \u00a0 Miten kuntotutkimus tehd\u00e4\u00e4n? \ud83d\udd39 J\u00e4rjestelmien analyysi \u2013 Selvit\u00e4mme nykytilan ja suorituskyvyn. Tarkistamme, [&hellip;]<\/p>\n","protected":false},"author":6,"featured_media":0,"parent":0,"menu_order":0,"comment_status":"closed","ping_status":"closed","template":"","meta":{"footnotes":""},"class_list":["post-3055","page","type-page","status-publish","hentry"],"_links":{"self":[{"href":"https:\/\/iml.fi\/en\/wp-json\/wp\/v2\/pages\/3055","targetHints":{"allow":["GET"]}}],"collection":[{"href":"https:\/\/iml.fi\/en\/wp-json\/wp\/v2\/pages"}],"about":[{"href":"https:\/\/iml.fi\/en\/wp-json\/wp\/v2\/types\/page"}],"author":[{"embeddable":true,"href":"https:\/\/iml.fi\/en\/wp-json\/wp\/v2\/users\/6"}],"replies":[{"embeddable":true,"href":"https:\/\/iml.fi\/en\/wp-json\/wp\/v2\/comments?post=3055"}],"version-history":[{"count":20,"href":"https:\/\/iml.fi\/en\/wp-json\/wp\/v2\/pages\/3055\/revisions"}],"predecessor-version":[{"id":3184,"href":"https:\/\/iml.fi\/en\/wp-json\/wp\/v2\/pages\/3055\/revisions\/3184"}],"wp:attachment":[{"href":"https:\/\/iml.fi\/en\/wp-json\/wp\/v2\/media?parent=3055"}],"curies":[{"name":"wp","href":"https:\/\/api.w.org\/{rel}","templated":true}]}}