{"id":3060,"date":"2025-03-06T09:37:10","date_gmt":"2025-03-06T07:37:10","guid":{"rendered":"https:\/\/iml.fi\/?page_id=3060"},"modified":"2025-03-06T15:53:59","modified_gmt":"2025-03-06T13:53:59","slug":"ilmanvaihdon-puhdistus-edessa-autamme-urakoiden-kilpailutuksessa-ja-valvonnassa","status":"publish","type":"page","link":"https:\/\/iml.fi\/en\/ilmanvaihdon-puhdistus-edessa-autamme-urakoiden-kilpailutuksessa-ja-valvonnassa\/","title":{"rendered":"Ilmanvaihdon puhdistus edess\u00e4? Autamme urakoiden kilpailutuksessa ja valvonnassa"},"content":{"rendered":"\t\t<div data-elementor-type=\"wp-page\" data-elementor-id=\"3060\" class=\"elementor elementor-3060\" data-elementor-post-type=\"page\">\n\t\t\t\t<div class=\"elementor-element elementor-element-ed125a0 e-flex e-con-boxed e-con e-parent\" data-id=\"ed125a0\" data-element_type=\"container\" data-e-type=\"container\" data-settings=\"{&quot;background_background&quot;:&quot;classic&quot;,&quot;jet_parallax_layout_list&quot;:[]}\">\n\t\t\t\t\t<div class=\"e-con-inner\">\n\t\t\t\t<div class=\"elementor-element elementor-element-ea4d9a0 elementor-widget elementor-widget-image\" data-id=\"ea4d9a0\" data-element_type=\"widget\" data-e-type=\"widget\" data-widget_type=\"image.default\">\n\t\t\t\t<div class=\"elementor-widget-container\">\n\t\t\t\t\t\t\t\t\t\t\t\t\t\t\t\t<a href=\"https:\/\/iml.fi\/\">\n\t\t\t\t\t\t\t<img decoding=\"async\" width=\"150\" height=\"150\" src=\"https:\/\/iml.fi\/wp-content\/uploads\/2025\/01\/IML-consulting_logo-RGB-150x150.png\" class=\"attachment-thumbnail size-thumbnail wp-image-2806\" alt=\"ImL Consulting and expert services\" srcset=\"https:\/\/iml.fi\/wp-content\/uploads\/2025\/01\/IML-consulting_logo-RGB-150x150.png 150w, https:\/\/iml.fi\/wp-content\/uploads\/2025\/01\/IML-consulting_logo-RGB-300x300.png 300w, https:\/\/iml.fi\/wp-content\/uploads\/2025\/01\/IML-consulting_logo-RGB-1024x1024.png 1024w, https:\/\/iml.fi\/wp-content\/uploads\/2025\/01\/IML-consulting_logo-RGB-768x768.png 768w, https:\/\/iml.fi\/wp-content\/uploads\/2025\/01\/IML-consulting_logo-RGB-1536x1536.png 1536w, https:\/\/iml.fi\/wp-content\/uploads\/2025\/01\/IML-consulting_logo-RGB-2048x2048.png 2048w, https:\/\/iml.fi\/wp-content\/uploads\/2025\/01\/IML-consulting_logo-RGB-12x12.png 12w\" sizes=\"(max-width: 150px) 100vw, 150px\" \/>\t\t\t\t\t\t\t\t<\/a>\n\t\t\t\t\t\t\t\t\t\t\t\t\t\t\t<\/div>\n\t\t\t\t<\/div>\n\t\t\t\t<div class=\"elementor-element elementor-element-f349e45 elementor-widget elementor-widget-heading\" data-id=\"f349e45\" data-element_type=\"widget\" data-e-type=\"widget\" data-widget_type=\"heading.default\">\n\t\t\t\t<div class=\"elementor-widget-container\">\n\t\t\t\t\t<h1 class=\"elementor-heading-title elementor-size-default\">Ilmanvaihdon puhdistus edess\u00e4? Autamme urakoiden kilpailutuksessa ja valvonnassa<\/h1>\t\t\t\t<\/div>\n\t\t\t\t<\/div>\n\t\t\t\t<div class=\"elementor-element elementor-element-3b2677f5 elementor-widget elementor-widget-text-editor\" data-id=\"3b2677f5\" data-element_type=\"widget\" data-e-type=\"widget\" data-widget_type=\"text-editor.default\">\n\t\t\t\t<div class=\"elementor-widget-container\">\n\t\t\t\t\t\t\t\t\t<p><span style=\"font-weight: 400;\">Kilpailutamme ilmanvaihtoon ja LVIA-j\u00e4rjestelmiin liittyv\u00e4t projektit puolestasi, jotta saat juuri tarpeisiisi sopivat ratkaisut parhailla mahdollisilla ehdoilla. N\u00e4in varmistat ty\u00f6n laadukkuuden ja ammattitaitoiset urakoitsijat.<\/span><\/p>\t\t\t\t\t\t\t\t<\/div>\n\t\t\t\t<\/div>\n\t\t\t\t<div class=\"elementor-element elementor-element-75f7e0c elementor-widget elementor-widget-text-editor\" data-id=\"75f7e0c\" data-element_type=\"widget\" data-e-type=\"widget\" data-widget_type=\"text-editor.default\">\n\t\t\t\t<div class=\"elementor-widget-container\">\n\t\t\t\t\t\t\t\t\t<p><span style=\"font-weight: 400;\">\ud83d\udd39<\/span><b> R\u00e4\u00e4t\u00e4l\u00f6ity kilpailutus<\/b><span style=\"font-weight: 400;\"> \u2013 Laadimme kilpailutusdokumentit ja m\u00e4\u00e4rittelemme puhdistustekniset vaatimukset, jotta saat juuri sen, mit\u00e4 tarvitset. Varmistamme, ett\u00e4 palvelu on selke\u00e4, reilu ja t\u00e4ysin tarpeisiisi sopiva. N\u00e4in s\u00e4\u00e4st\u00e4t aikaa ja rahaa ilman turhia lis\u00e4kuluja.<\/span><\/p><p><span style=\"font-weight: 400;\">\ud83d\udd39 <\/span><b>Luotettavat urakoitsijat <\/b><span style=\"font-weight: 400;\">\u2013 Etsimme ja suosittelemme ammattitaitoisia ja luotettavia toimijoita. Saat parhaat urakoitsijat.\u00a0<\/span><\/p><p><span style=\"font-weight: 400;\">\ud83d\udd39 <\/span><b>Valvonta ja laadunvarmistus<\/b><span style=\"font-weight: 400;\"> \u2013 Seuraamme projektin etenemist\u00e4 ja varmistamme, ett\u00e4 ty\u00f6n laatu vastaa sovittua. Huolehdimme, ett\u00e4 projekti valmistuu aikataulujen mukaisesti.<\/span><\/p><p><span style=\"font-weight: 400;\">\ud83d\udd39 <\/span><b>Neuvonta ja tuki<\/b><span style=\"font-weight: 400;\"> \u2013 Tarjoamme ammattitiaitoista ohjausta p\u00e4\u00e4t\u00f6ksenteon tueksi koko prosessin ajan.<\/span><\/p><p>\u00a0<\/p>\t\t\t\t\t\t\t\t<\/div>\n\t\t\t\t<\/div>\n\t\t\t\t<div class=\"elementor-element elementor-element-79db576 elementor-widget elementor-widget-text-editor\" data-id=\"79db576\" data-element_type=\"widget\" data-e-type=\"widget\" data-widget_type=\"text-editor.default\">\n\t\t\t\t<div class=\"elementor-widget-container\">\n\t\t\t\t\t\t\t\t\t<h2><b>Miksi kilpailutus ja valvonta kannattaa?<\/b><\/h2>\t\t\t\t\t\t\t\t<\/div>\n\t\t\t\t<\/div>\n\t\t\t\t<div class=\"elementor-element elementor-element-d219855 elementor-widget elementor-widget-text-editor\" data-id=\"d219855\" data-element_type=\"widget\" data-e-type=\"widget\" data-widget_type=\"text-editor.default\">\n\t\t\t\t<div class=\"elementor-widget-container\">\n\t\t\t\t\t\t\t\t\t<p><span style=\"font-weight: 400;\">Kilpailutus ja valvonta varmistaa, ett\u00e4 palveluntarjoajat t\u00e4ytt\u00e4v\u00e4t sovitut vaatimukset ja ty\u00f6n laatu on ensiluokkaista.<\/span><\/p><p><span style=\"font-weight: 400;\">Kilpailutus takaa luotettavan ja ammattitaitoisen kumppanin sinulle esimerkiksi ilmanvaihtokanavien puhdistukseen. Kilpailutuksen ansiosta voit olla varma, ett\u00e4 kiinteist\u00f6\u00e4 huoltaa juuri sinun projektiisi sopivat urakoitsijat. <\/span><\/p>\t\t\t\t\t\t\t\t<\/div>\n\t\t\t\t<\/div>\n\t\t\t\t<div class=\"elementor-element elementor-element-a951b32 elementor-align-center elementor-widget elementor-widget-button\" data-id=\"a951b32\" data-element_type=\"widget\" data-e-type=\"widget\" data-widget_type=\"button.default\">\n\t\t\t\t<div class=\"elementor-widget-container\">\n\t\t\t\t\t\t\t\t\t<div class=\"elementor-button-wrapper\">\n\t\t\t\t\t<a class=\"elementor-button elementor-button-link elementor-size-sm\" href=\"#yhteys\">\n\t\t\t\t\t\t<span class=\"elementor-button-content-wrapper\">\n\t\t\t\t\t\t\t\t\t<span class=\"elementor-button-text\">Ota yhteytt\u00e4 ja kysy lis\u00e4\u00e4<\/span>\n\t\t\t\t\t<\/span>\n\t\t\t\t\t<\/a>\n\t\t\t\t<\/div>\n\t\t\t\t\t\t\t\t<\/div>\n\t\t\t\t<\/div>\n\t\t\t\t<div class=\"elementor-element elementor-element-909e2cb elementor-widget elementor-widget-image\" data-id=\"909e2cb\" data-element_type=\"widget\" data-e-type=\"widget\" data-widget_type=\"image.default\">\n\t\t\t\t<div class=\"elementor-widget-container\">\n\t\t\t\t\t\t\t\t\t\t\t\t\t\t\t<img fetchpriority=\"high\" decoding=\"async\" width=\"768\" height=\"1024\" src=\"https:\/\/iml.fi\/wp-content\/uploads\/2025\/03\/IMG_0956-768x1024.jpg\" class=\"attachment-large size-large wp-image-3121\" alt=\"Ilmanvaihdon puhdistus edess\u00e4? Autamme urakoiden kilpailutuksessa ja valvonnassa\" srcset=\"https:\/\/iml.fi\/wp-content\/uploads\/2025\/03\/IMG_0956-768x1024.jpg 768w, https:\/\/iml.fi\/wp-content\/uploads\/2025\/03\/IMG_0956-225x300.jpg 225w, https:\/\/iml.fi\/wp-content\/uploads\/2025\/03\/IMG_0956-1152x1536.jpg 1152w, https:\/\/iml.fi\/wp-content\/uploads\/2025\/03\/IMG_0956-1536x2048.jpg 1536w, https:\/\/iml.fi\/wp-content\/uploads\/2025\/03\/IMG_0956-9x12.jpg 9w, https:\/\/iml.fi\/wp-content\/uploads\/2025\/03\/IMG_0956-scaled.jpg 1920w\" sizes=\"(max-width: 768px) 100vw, 768px\" \/>\t\t\t\t\t\t\t\t\t\t\t\t\t\t\t<\/div>\n\t\t\t\t<\/div>\n\t\t\t\t<div class=\"elementor-element elementor-element-99124a1 elementor-widget elementor-widget-menu-anchor\" data-id=\"99124a1\" data-element_type=\"widget\" data-e-type=\"widget\" data-widget_type=\"menu-anchor.default\">\n\t\t\t\t<div class=\"elementor-widget-container\">\n\t\t\t\t\t\t\t<div class=\"elementor-menu-anchor\" id=\"yhteys\"><\/div>\n\t\t\t\t\t\t<\/div>\n\t\t\t\t<\/div>\n\t\t\t\t<div class=\"elementor-element elementor-element-29b20dd elementor-widget elementor-widget-heading\" data-id=\"29b20dd\" data-element_type=\"widget\" data-e-type=\"widget\" data-widget_type=\"heading.default\">\n\t\t\t\t<div class=\"elementor-widget-container\">\n\t\t\t\t\t<h2 class=\"elementor-heading-title elementor-size-default\">Ota yhteytt\u00e4<\/h2>\t\t\t\t<\/div>\n\t\t\t\t<\/div>\n\t\t\t\t<div class=\"elementor-element elementor-element-36e421b elementor-button-align-stretch elementor-widget elementor-widget-form\" data-id=\"36e421b\" data-element_type=\"widget\" data-e-type=\"widget\" data-settings=\"{&quot;step_next_label&quot;:&quot;Next&quot;,&quot;step_previous_label&quot;:&quot;Previous&quot;,&quot;button_width&quot;:&quot;100&quot;,&quot;step_type&quot;:&quot;number_text&quot;,&quot;step_icon_shape&quot;:&quot;circle&quot;}\" data-widget_type=\"form.default\">\n\t\t\t\t<div class=\"elementor-widget-container\">\n\t\t\t\t\t\t\t<form class=\"elementor-form\" method=\"post\" id=\"ductwalker\" name=\"New Form\" aria-label=\"New Form\">\n\t\t\t<input type=\"hidden\" name=\"post_id\" value=\"3060\"\/>\n\t\t\t<input type=\"hidden\" name=\"form_id\" value=\"36e421b\"\/>\n\t\t\t<input type=\"hidden\" name=\"referer_title\" value=\"Ilmanvaihdon puhdistus edess\u00e4? Autamme urakoiden kilpailutuksessa ja valvonnassa - IML\" \/>\n\n\t\t\t\t\t\t\t<input type=\"hidden\" name=\"queried_id\" value=\"3060\"\/>\n\t\t\t\n\t\t\t<div class=\"elementor-form-fields-wrapper elementor-labels-above\">\n\t\t\t\t\t\t\t\t<div class=\"elementor-field-type-text elementor-field-group elementor-column elementor-field-group-name elementor-col-100 elementor-field-required elementor-mark-required\">\n\t\t\t\t\t\t\t\t\t\t\t\t<label for=\"form-field-name\" class=\"elementor-field-label\">\n\t\t\t\t\t\t\t\tNimesi\t\t\t\t\t\t\t<\/label>\n\t\t\t\t\t\t\t\t\t\t\t\t\t\t<input size=\"1\" type=\"text\" name=\"form_fields[name]\" id=\"form-field-name\" class=\"elementor-field elementor-size-md  elementor-field-textual\" required=\"required\">\n\t\t\t\t\t\t\t\t\t\t\t<\/div>\n\t\t\t\t\t\t\t\t<div class=\"elementor-field-type-email elementor-field-group elementor-column elementor-field-group-email elementor-col-100 elementor-field-required elementor-mark-required\">\n\t\t\t\t\t\t\t\t\t\t\t\t<label for=\"form-field-email\" class=\"elementor-field-label\">\n\t\t\t\t\t\t\t\tS\u00e4hk\u00f6postiosoitteesi\t\t\t\t\t\t\t<\/label>\n\t\t\t\t\t\t\t\t\t\t\t\t\t\t<input size=\"1\" type=\"email\" name=\"form_fields[email]\" id=\"form-field-email\" class=\"elementor-field elementor-size-md  elementor-field-textual\" required=\"required\">\n\t\t\t\t\t\t\t\t\t\t\t<\/div>\n\t\t\t\t\t\t\t\t<div class=\"elementor-field-type-tel elementor-field-group elementor-column elementor-field-group-message elementor-col-100\">\n\t\t\t\t\t\t\t\t\t\t\t\t<label for=\"form-field-message\" class=\"elementor-field-label\">\n\t\t\t\t\t\t\t\tPuhelinnumerosi\t\t\t\t\t\t\t<\/label>\n\t\t\t\t\t\t\t\t<input size=\"1\" type=\"tel\" name=\"form_fields[message]\" id=\"form-field-message\" class=\"elementor-field elementor-size-md  elementor-field-textual\" pattern=\"[0-9()#&amp;+*-=.]+\" title=\"Only numbers and phone characters (#, -, *, etc) are accepted.\">\n\n\t\t\t\t\t\t<\/div>\n\t\t\t\t\t\t\t\t<div class=\"elementor-field-type-radio elementor-field-group elementor-column elementor-field-group-field_8871836 elementor-col-100 elementor-field-required elementor-mark-required\">\n\t\t\t\t\t\t\t\t\t\t\t\t<label for=\"form-field-field_8871836\" class=\"elementor-field-label\">\n\t\t\t\t\t\t\t\tOletko\t\t\t\t\t\t\t<\/label>\n\t\t\t\t\t\t<div class=\"elementor-field-subgroup  \"><span class=\"elementor-field-option\"><input type=\"radio\" value=\"Kiinteist\u00f6nomistaja\/edustaja\" id=\"form-field-field_8871836-0\" name=\"form_fields[field_8871836]\" required=\"required\"> <label for=\"form-field-field_8871836-0\">Kiinteist\u00f6nomistaja\/edustaja<\/label><\/span><span class=\"elementor-field-option\"><input type=\"radio\" value=\"Urakoitsija\" id=\"form-field-field_8871836-1\" name=\"form_fields[field_8871836]\" required=\"required\"> <label for=\"form-field-field_8871836-1\">Urakoitsija<\/label><\/span><span class=\"elementor-field-option\"><input type=\"radio\" value=\"Kiinnostunut tulemaan Aeroseal-partneriksi\" id=\"form-field-field_8871836-2\" name=\"form_fields[field_8871836]\" required=\"required\"> <label for=\"form-field-field_8871836-2\">Kiinnostunut tulemaan Aeroseal-partneriksi<\/label><\/span><\/div>\t\t\t\t<\/div>\n\t\t\t\t\t\t\t\t<div class=\"elementor-field-type-textarea elementor-field-group elementor-column elementor-field-group-field_9533ca7 elementor-col-100\">\n\t\t\t\t\t\t\t\t\t\t\t\t<label for=\"form-field-field_9533ca7\" class=\"elementor-field-label\">\n\t\t\t\t\t\t\t\tViestisi\t\t\t\t\t\t\t<\/label>\n\t\t\t\t\t\t<textarea class=\"elementor-field-textual elementor-field  elementor-size-md\" name=\"form_fields[field_9533ca7]\" id=\"form-field-field_9533ca7\" rows=\"4\"><\/textarea>\t\t\t\t<\/div>\n\t\t\t\t\t\t\t\t<div class=\"elementor-field-type-checkbox elementor-field-group elementor-column elementor-field-group-field_e73440d elementor-col-100\">\n\t\t\t\t\t<div class=\"elementor-field-subgroup  \"><span class=\"elementor-field-option\"><input type=\"checkbox\" value=\"Liityn uutiskirjetilaajaksi\" id=\"form-field-field_e73440d-0\" name=\"form_fields[field_e73440d]\"> <label for=\"form-field-field_e73440d-0\">Liityn uutiskirjetilaajaksi<\/label><\/span><\/div>\t\t\t\t<\/div>\n\t\t\t\t\t\t\t\t<div class=\"elementor-field-group elementor-column elementor-field-type-submit elementor-col-100 e-form__buttons\">\n\t\t\t\t\t<button class=\"elementor-button elementor-size-sm\" type=\"submit\">\n\t\t\t\t\t\t<span class=\"elementor-button-content-wrapper\">\n\t\t\t\t\t\t\t\t\t\t\t\t\t\t\t\t\t\t\t\t\t\t<span class=\"elementor-button-text\">L\u00e4het\u00e4<\/span>\n\t\t\t\t\t\t\t\t\t\t\t\t\t<\/span>\n\t\t\t\t\t<\/button>\n\t\t\t\t<\/div>\n\t\t\t<\/div>\n\t\t<\/form>\n\t\t\t\t\t\t<\/div>\n\t\t\t\t<\/div>\n\t\t\t\t\t<\/div>\n\t\t\t\t<\/div>\n\t\t\t\t<\/div>\n\t\t","protected":false},"excerpt":{"rendered":"<p>Kilpailutamme ilmanvaihtoon ja LVIA-j\u00e4rjestelmiin liittyv\u00e4t projektit puolestasi, jotta saat juuri tarpeisiisi sopivat ratkaisut parhailla mahdollisilla ehdoilla. N\u00e4in varmistat ty\u00f6n laadukkuuden ja ammattitaitoiset urakoitsijat. \ud83d\udd39 R\u00e4\u00e4t\u00e4l\u00f6ity kilpailutus \u2013 Laadimme kilpailutusdokumentit ja m\u00e4\u00e4rittelemme puhdistustekniset vaatimukset, jotta saat juuri sen, mit\u00e4 tarvitset. Varmistamme, ett\u00e4 palvelu on selke\u00e4, reilu ja t\u00e4ysin tarpeisiisi sopiva. N\u00e4in s\u00e4\u00e4st\u00e4t aikaa ja rahaa ilman [&hellip;]<\/p>\n","protected":false},"author":6,"featured_media":0,"parent":0,"menu_order":0,"comment_status":"closed","ping_status":"closed","template":"","meta":{"footnotes":""},"class_list":["post-3060","page","type-page","status-publish","hentry"],"_links":{"self":[{"href":"https:\/\/iml.fi\/en\/wp-json\/wp\/v2\/pages\/3060","targetHints":{"allow":["GET"]}}],"collection":[{"href":"https:\/\/iml.fi\/en\/wp-json\/wp\/v2\/pages"}],"about":[{"href":"https:\/\/iml.fi\/en\/wp-json\/wp\/v2\/types\/page"}],"author":[{"embeddable":true,"href":"https:\/\/iml.fi\/en\/wp-json\/wp\/v2\/users\/6"}],"replies":[{"embeddable":true,"href":"https:\/\/iml.fi\/en\/wp-json\/wp\/v2\/comments?post=3060"}],"version-history":[{"count":19,"href":"https:\/\/iml.fi\/en\/wp-json\/wp\/v2\/pages\/3060\/revisions"}],"predecessor-version":[{"id":3169,"href":"https:\/\/iml.fi\/en\/wp-json\/wp\/v2\/pages\/3060\/revisions\/3169"}],"wp:attachment":[{"href":"https:\/\/iml.fi\/en\/wp-json\/wp\/v2\/media?parent=3060"}],"curies":[{"name":"wp","href":"https:\/\/api.w.org\/{rel}","templated":true}]}}