{"id":3236,"date":"2025-03-31T15:55:57","date_gmt":"2025-03-31T12:55:57","guid":{"rendered":"https:\/\/iml.fi\/?page_id=3236"},"modified":"2025-04-04T08:56:51","modified_gmt":"2025-04-04T05:56:51","slug":"e-vav-alykas-energiaa-saastava-ilmamaarasaadin-ilmanvaihdon-paivitykseen","status":"publish","type":"page","link":"https:\/\/iml.fi\/en\/e-vav-alykas-energiaa-saastava-ilmamaarasaadin-ilmanvaihdon-paivitykseen\/","title":{"rendered":"e\u00b7VAV \u2013 \u00c4lyk\u00e4s, energiaa s\u00e4\u00e4st\u00e4v\u00e4 ilmam\u00e4\u00e4r\u00e4s\u00e4\u00e4din ilmanvaihdon p\u00e4ivitykseen"},"content":{"rendered":"\t\t<div data-elementor-type=\"wp-page\" data-elementor-id=\"3236\" class=\"elementor elementor-3236\" data-elementor-post-type=\"page\">\n\t\t\t\t<div class=\"elementor-element elementor-element-ed125a0 e-flex e-con-boxed e-con e-parent\" data-id=\"ed125a0\" data-element_type=\"container\" data-e-type=\"container\" data-settings=\"{&quot;background_background&quot;:&quot;classic&quot;,&quot;jet_parallax_layout_list&quot;:[]}\">\n\t\t\t\t\t<div class=\"e-con-inner\">\n\t\t\t\t<div class=\"elementor-element elementor-element-ea4d9a0 elementor-widget elementor-widget-image\" data-id=\"ea4d9a0\" data-element_type=\"widget\" data-e-type=\"widget\" data-widget_type=\"image.default\">\n\t\t\t\t<div class=\"elementor-widget-container\">\n\t\t\t\t\t\t\t\t\t\t\t\t\t\t\t\t<a href=\"https:\/\/iml.fi\/\">\n\t\t\t\t\t\t\t<img decoding=\"async\" width=\"150\" height=\"150\" src=\"https:\/\/iml.fi\/wp-content\/uploads\/2025\/01\/IML-innovations_logo-RGB-150x150.png\" class=\"attachment-thumbnail size-thumbnail wp-image-2805\" alt=\"ImL Innovations and solutions\" srcset=\"https:\/\/iml.fi\/wp-content\/uploads\/2025\/01\/IML-innovations_logo-RGB-150x150.png 150w, https:\/\/iml.fi\/wp-content\/uploads\/2025\/01\/IML-innovations_logo-RGB-300x300.png 300w, https:\/\/iml.fi\/wp-content\/uploads\/2025\/01\/IML-innovations_logo-RGB-1024x1024.png 1024w, https:\/\/iml.fi\/wp-content\/uploads\/2025\/01\/IML-innovations_logo-RGB-768x768.png 768w, https:\/\/iml.fi\/wp-content\/uploads\/2025\/01\/IML-innovations_logo-RGB-1536x1536.png 1536w, https:\/\/iml.fi\/wp-content\/uploads\/2025\/01\/IML-innovations_logo-RGB-2048x2048.png 2048w, https:\/\/iml.fi\/wp-content\/uploads\/2025\/01\/IML-innovations_logo-RGB-12x12.png 12w\" sizes=\"(max-width: 150px) 100vw, 150px\" \/>\t\t\t\t\t\t\t\t<\/a>\n\t\t\t\t\t\t\t\t\t\t\t\t\t\t\t<\/div>\n\t\t\t\t<\/div>\n\t\t\t\t<div class=\"elementor-element elementor-element-f349e45 elementor-widget elementor-widget-heading\" data-id=\"f349e45\" data-element_type=\"widget\" data-e-type=\"widget\" data-widget_type=\"heading.default\">\n\t\t\t\t<div class=\"elementor-widget-container\">\n\t\t\t\t\t<h1 class=\"elementor-heading-title elementor-size-default\">e\u00b7VAV \u2013 \u00c4lyk\u00e4s, energiaa s\u00e4\u00e4st\u00e4v\u00e4 ilmam\u00e4\u00e4r\u00e4s\u00e4\u00e4din ilmanvaihdon p\u00e4ivitykseen<\/h1>\t\t\t\t<\/div>\n\t\t\t\t<\/div>\n\t\t\t\t<div class=\"elementor-element elementor-element-3b2677f5 elementor-widget elementor-widget-text-editor\" data-id=\"3b2677f5\" data-element_type=\"widget\" data-e-type=\"widget\" data-widget_type=\"text-editor.default\">\n\t\t\t\t<div class=\"elementor-widget-container\">\n\t\t\t\t\t\t\t\t\t<p>Ilmam\u00e4\u00e4r\u00e4s\u00e4\u00e4din (IMS) on automaattisesti toimiva laite, joka s\u00e4\u00e4t\u00e4\u00e4 ilmanvirtausta ilmanvaihtokanavassa optimaalisesti ja tarpeen mukaan. Se on olennainen osa muuttuvailmavirtaj\u00e4rjestelmi\u00e4 (VAV), joissa ilmanvaihtoa mukautetaan tilojen k\u00e4ytt\u00f6asteen perusteella. Ilmam\u00e4\u00e4r\u00e4s\u00e4\u00e4timen avulla voidaan hallita huonekohtaista ilmanvaihtoa tarkasti, mik\u00e4 edist\u00e4\u00e4 sek\u00e4 sis\u00e4ilman laadun parantumista ett\u00e4 energiatehokkuuden kasvua.<\/p><p class=\"m_-8817360619670219018p1\"><b style=\"letter-spacing: 0px; word-spacing: 0em;\">e\u00b7VAV-ilmam\u00e4\u00e4r\u00e4s\u00e4\u00e4din\u00a0<\/b><span style=\"letter-spacing: 0px; word-spacing: 0em;\">hy\u00f6dynt\u00e4\u00e4 ilmavirtaa oman toimintansa energial\u00e4hteen\u00e4.\u00a0<\/span><span style=\"letter-spacing: 0px; word-spacing: 0em;\">T\u00e4m\u00e4 langaton, itsen\u00e4inen s\u00e4\u00e4t\u00f6laite sopii t\u00e4ydellisesti rakennuksiin, joissa halutaan p\u00e4ivitt\u00e4\u00e4 j\u00e4rjestelm\u00e4 tarpeenmukaiseksi yksinkertaisesti.<\/span><\/p>\t\t\t\t\t\t\t\t<\/div>\n\t\t\t\t<\/div>\n\t\t\t\t<div class=\"elementor-element elementor-element-5b68915 elementor-widget elementor-widget-text-editor\" data-id=\"5b68915\" data-element_type=\"widget\" data-e-type=\"widget\" data-widget_type=\"text-editor.default\">\n\t\t\t\t<div class=\"elementor-widget-container\">\n\t\t\t\t\t\t\t\t\t<h2><strong>Tekniset tiedot<\/strong><\/h2>\t\t\t\t\t\t\t\t<\/div>\n\t\t\t\t<\/div>\n\t\t\t\t<div class=\"elementor-element elementor-element-9481128 elementor-widget elementor-widget-text-editor\" data-id=\"9481128\" data-element_type=\"widget\" data-e-type=\"widget\" data-widget_type=\"text-editor.default\">\n\t\t\t\t<div class=\"elementor-widget-container\">\n\t\t\t\t\t\t\t\t\t<p><strong><span style=\"font-weight: 400;\">\u2705<\/span> Kokoalueet:<\/strong>\u00a0\u00d8125\u2013\u00d8250 mm (py\u00f6re\u00e4t kanavat)<br \/><strong><span style=\"font-weight: 400;\">\u2705<\/span> Ilmavirran mittausalue:<\/strong>\u00a08\u2013305 l\/s<br \/><strong><span style=\"font-weight: 400;\">\u2705<\/span> K\u00e4ytt\u00f6l\u00e4mp\u00f6tila:<\/strong>\u00a00 \u00b0C \u2026 +45 \u00b0C<br \/><strong><span style=\"font-weight: 400;\">\u2705<\/span> Ilmatiiveys:<\/strong>\u00a0Luokka C (EN 1751)<br \/><strong><span style=\"font-weight: 400;\">\u2705<\/span> Ohjaus:<\/strong>\u00a0CO2, l\u00e4sn\u00e4olo, valo &#8211; kaikki yhdess\u00e4 anturissa<br \/><strong><span style=\"font-weight: 400;\">\u2705<\/span> Virtal\u00e4hde:<\/strong>\u00a0Energia ilmavirrasta \u2013 ei ulkoista s\u00e4hk\u00f6\u00e4, ei kaapeleita<\/p>\t\t\t\t\t\t\t\t<\/div>\n\t\t\t\t<\/div>\n\t\t\t\t<div class=\"elementor-element elementor-element-9b4d336 elementor-widget elementor-widget-text-editor\" data-id=\"9b4d336\" data-element_type=\"widget\" data-e-type=\"widget\" data-widget_type=\"text-editor.default\">\n\t\t\t\t<div class=\"elementor-widget-container\">\n\t\t\t\t\t\t\t\t\t<p>e\u00b7VAV:n sis\u00e4inen turbiini py\u00f6rii ilmavirran voimalla, tuottaen riitt\u00e4v\u00e4sti energiaa mittaamiseen, ohjaukseen ja tiedonsiirtoon. Laite s\u00e4\u00e4t\u00e4\u00e4 ilmavirran tarkasti<\/p><p>\u00a0<\/p>\t\t\t\t\t\t\t\t<\/div>\n\t\t\t\t<\/div>\n\t\t\t\t<div class=\"elementor-element elementor-element-8238382 elementor-widget elementor-widget-text-editor\" data-id=\"8238382\" data-element_type=\"widget\" data-e-type=\"widget\" data-widget_type=\"text-editor.default\">\n\t\t\t\t<div class=\"elementor-widget-container\">\n\t\t\t\t\t\t\t\t\t<h2><strong>K\u00e4ytt\u00f6kohteet<\/strong><\/h2>\t\t\t\t\t\t\t\t<\/div>\n\t\t\t\t<\/div>\n\t\t\t\t<div class=\"elementor-element elementor-element-c3cb831 elementor-widget elementor-widget-text-editor\" data-id=\"c3cb831\" data-element_type=\"widget\" data-e-type=\"widget\" data-widget_type=\"text-editor.default\">\n\t\t\t\t<div class=\"elementor-widget-container\">\n\t\t\t\t\t\t\t\t\t<p>\u2705 Toimistotilat<br \/>\u2705 Koulut ja oppilaitokset<br \/>\u2705 Terveydenhuollon tilat<br \/>\u2705 Hotellit ja majoituskohteet<br \/>\u2705 Julkiset ja kaupalliset rakennukset<br \/>\u2705 Uudis- ja saneerauskohteet<\/p>\t\t\t\t\t\t\t\t<\/div>\n\t\t\t\t<\/div>\n\t\t\t\t<div class=\"elementor-element elementor-element-99d9d00 elementor-widget elementor-widget-text-editor\" data-id=\"99d9d00\" data-element_type=\"widget\" data-e-type=\"widget\" data-widget_type=\"text-editor.default\">\n\t\t\t\t<div class=\"elementor-widget-container\">\n\t\t\t\t\t\t\t\t\t<h2><strong>Hy\u00f6dyt lyhyesti<\/strong><\/h2>\t\t\t\t\t\t\t\t<\/div>\n\t\t\t\t<\/div>\n\t\t\t\t<div class=\"elementor-element elementor-element-d0791ec elementor-widget elementor-widget-text-editor\" data-id=\"d0791ec\" data-element_type=\"widget\" data-e-type=\"widget\" data-widget_type=\"text-editor.default\">\n\t\t\t\t<div class=\"elementor-widget-container\">\n\t\t\t\t\t\t\t\t\t<p>\u2705 T\u00e4ysin langaton \u2013 helppo asentaa ja ottaa k\u00e4ytt\u00f6\u00f6n<br \/>\u2705 Ei s\u00e4hk\u00f6johtoja \u2013 energia ilmavirrasta<br \/>\u2705 Integroitu mittaus ja s\u00e4\u00e4t\u00f6 \u2013 ei erillisi\u00e4 antureita<br \/>\u2705 T\u00e4ydellinen ratkaisu ilman johtoja<\/p><p>\u00a0<\/p>\t\t\t\t\t\t\t\t<\/div>\n\t\t\t\t<\/div>\n\t\t\t\t<div class=\"elementor-element elementor-element-2c0a30b elementor-widget elementor-widget-video\" data-id=\"2c0a30b\" data-element_type=\"widget\" data-e-type=\"widget\" data-settings=\"{&quot;youtube_url&quot;:&quot;https:\\\/\\\/www.youtube.com\\\/watch?v=Mj8HhbkUapg&quot;,&quot;video_type&quot;:&quot;youtube&quot;,&quot;controls&quot;:&quot;yes&quot;}\" data-widget_type=\"video.default\">\n\t\t\t\t<div class=\"elementor-widget-container\">\n\t\t\t\t\t\t\t<div class=\"elementor-wrapper elementor-open-inline\">\n\t\t\t<div class=\"elementor-video\"><\/div>\t\t<\/div>\n\t\t\t\t\t\t<\/div>\n\t\t\t\t<\/div>\n\t\t\t\t<div class=\"elementor-element elementor-element-99124a1 elementor-widget elementor-widget-menu-anchor\" data-id=\"99124a1\" data-element_type=\"widget\" data-e-type=\"widget\" data-widget_type=\"menu-anchor.default\">\n\t\t\t\t<div class=\"elementor-widget-container\">\n\t\t\t\t\t\t\t<div class=\"elementor-menu-anchor\" id=\"yhteys\"><\/div>\n\t\t\t\t\t\t<\/div>\n\t\t\t\t<\/div>\n\t\t\t\t<div class=\"elementor-element elementor-element-29b20dd elementor-widget elementor-widget-heading\" data-id=\"29b20dd\" data-element_type=\"widget\" data-e-type=\"widget\" data-widget_type=\"heading.default\">\n\t\t\t\t<div class=\"elementor-widget-container\">\n\t\t\t\t\t<h2 class=\"elementor-heading-title elementor-size-default\">Kiinnostuitko?<\/h2>\t\t\t\t<\/div>\n\t\t\t\t<\/div>\n\t\t\t\t<div class=\"elementor-element elementor-element-ca969cc elementor-widget elementor-widget-text-editor\" data-id=\"ca969cc\" data-element_type=\"widget\" data-e-type=\"widget\" data-widget_type=\"text-editor.default\">\n\t\t\t\t<div class=\"elementor-widget-container\">\n\t\t\t\t\t\t\t\t\t<p><span style=\"font-weight: 400;\">Ota yhteytt\u00e4 ja kysy lis\u00e4\u00e4 e\u00b7VAV-ilmam\u00e4\u00e4r\u00e4\u00e4timest\u00e4.<\/span><\/p><p><span style=\"font-weight: 400;\">Suunnitellaan yhdess\u00e4 juuri sinun kohteeseen sopiva ilmanvaihtoratkaisu.<\/span><\/p>\t\t\t\t\t\t\t\t<\/div>\n\t\t\t\t<\/div>\n\t\t\t\t<div class=\"elementor-element elementor-element-36e421b elementor-button-align-stretch elementor-widget elementor-widget-form\" data-id=\"36e421b\" data-element_type=\"widget\" data-e-type=\"widget\" data-settings=\"{&quot;step_next_label&quot;:&quot;Next&quot;,&quot;step_previous_label&quot;:&quot;Previous&quot;,&quot;button_width&quot;:&quot;100&quot;,&quot;step_type&quot;:&quot;number_text&quot;,&quot;step_icon_shape&quot;:&quot;circle&quot;}\" data-widget_type=\"form.default\">\n\t\t\t\t<div class=\"elementor-widget-container\">\n\t\t\t\t\t\t\t<form class=\"elementor-form\" method=\"post\" id=\"ductbuster\" name=\"New Form\" aria-label=\"New Form\">\n\t\t\t<input type=\"hidden\" name=\"post_id\" value=\"3236\"\/>\n\t\t\t<input type=\"hidden\" name=\"form_id\" value=\"36e421b\"\/>\n\t\t\t<input type=\"hidden\" name=\"referer_title\" value=\"e\u00b7VAV \u2013 \u00c4lyk\u00e4s, energiaa s\u00e4\u00e4st\u00e4v\u00e4 ilmam\u00e4\u00e4r\u00e4s\u00e4\u00e4din ilmanvaihdon p\u00e4ivitykseen - IML\" \/>\n\n\t\t\t\t\t\t\t<input type=\"hidden\" name=\"queried_id\" value=\"3236\"\/>\n\t\t\t\n\t\t\t<div class=\"elementor-form-fields-wrapper elementor-labels-above\">\n\t\t\t\t\t\t\t\t<div class=\"elementor-field-type-text elementor-field-group elementor-column elementor-field-group-name elementor-col-100 elementor-field-required elementor-mark-required\">\n\t\t\t\t\t\t\t\t\t\t\t\t<label for=\"form-field-name\" class=\"elementor-field-label\">\n\t\t\t\t\t\t\t\tNimesi\t\t\t\t\t\t\t<\/label>\n\t\t\t\t\t\t\t\t\t\t\t\t\t\t<input size=\"1\" type=\"text\" name=\"form_fields[name]\" id=\"form-field-name\" class=\"elementor-field elementor-size-md  elementor-field-textual\" required=\"required\">\n\t\t\t\t\t\t\t\t\t\t\t<\/div>\n\t\t\t\t\t\t\t\t<div class=\"elementor-field-type-email elementor-field-group elementor-column elementor-field-group-email elementor-col-100 elementor-field-required elementor-mark-required\">\n\t\t\t\t\t\t\t\t\t\t\t\t<label for=\"form-field-email\" class=\"elementor-field-label\">\n\t\t\t\t\t\t\t\tS\u00e4hk\u00f6postiosoitteesi\t\t\t\t\t\t\t<\/label>\n\t\t\t\t\t\t\t\t\t\t\t\t\t\t<input size=\"1\" type=\"email\" name=\"form_fields[email]\" id=\"form-field-email\" class=\"elementor-field elementor-size-md  elementor-field-textual\" required=\"required\">\n\t\t\t\t\t\t\t\t\t\t\t<\/div>\n\t\t\t\t\t\t\t\t<div class=\"elementor-field-type-tel elementor-field-group elementor-column elementor-field-group-message elementor-col-100\">\n\t\t\t\t\t\t\t\t\t\t\t\t<label for=\"form-field-message\" class=\"elementor-field-label\">\n\t\t\t\t\t\t\t\tPuhelinnumerosi\t\t\t\t\t\t\t<\/label>\n\t\t\t\t\t\t\t\t<input size=\"1\" type=\"tel\" name=\"form_fields[message]\" id=\"form-field-message\" class=\"elementor-field elementor-size-md  elementor-field-textual\" pattern=\"[0-9()#&amp;+*-=.]+\" title=\"Only numbers and phone characters (#, -, *, etc) are accepted.\">\n\n\t\t\t\t\t\t<\/div>\n\t\t\t\t\t\t\t\t<div class=\"elementor-field-type-radio elementor-field-group elementor-column elementor-field-group-field_8871836 elementor-col-100 elementor-field-required elementor-mark-required\">\n\t\t\t\t\t\t\t\t\t\t\t\t<label for=\"form-field-field_8871836\" class=\"elementor-field-label\">\n\t\t\t\t\t\t\t\tOletko\t\t\t\t\t\t\t<\/label>\n\t\t\t\t\t\t<div class=\"elementor-field-subgroup  \"><span class=\"elementor-field-option\"><input type=\"radio\" value=\"Kiinteist\u00f6nomistaja\/edustaja\" id=\"form-field-field_8871836-0\" name=\"form_fields[field_8871836]\" required=\"required\"> <label for=\"form-field-field_8871836-0\">Kiinteist\u00f6nomistaja\/edustaja<\/label><\/span><span class=\"elementor-field-option\"><input type=\"radio\" value=\"Urakoitsija\" id=\"form-field-field_8871836-1\" name=\"form_fields[field_8871836]\" required=\"required\"> <label for=\"form-field-field_8871836-1\">Urakoitsija<\/label><\/span><span class=\"elementor-field-option\"><input type=\"radio\" value=\"Kiinnostunut tulemaan Aeroseal-partneriksi\" id=\"form-field-field_8871836-2\" name=\"form_fields[field_8871836]\" required=\"required\"> <label for=\"form-field-field_8871836-2\">Kiinnostunut tulemaan Aeroseal-partneriksi<\/label><\/span><\/div>\t\t\t\t<\/div>\n\t\t\t\t\t\t\t\t<div class=\"elementor-field-type-textarea elementor-field-group elementor-column elementor-field-group-field_9533ca7 elementor-col-100\">\n\t\t\t\t\t\t\t\t\t\t\t\t<label for=\"form-field-field_9533ca7\" class=\"elementor-field-label\">\n\t\t\t\t\t\t\t\tViestisi\t\t\t\t\t\t\t<\/label>\n\t\t\t\t\t\t<textarea class=\"elementor-field-textual elementor-field  elementor-size-md\" name=\"form_fields[field_9533ca7]\" id=\"form-field-field_9533ca7\" rows=\"4\"><\/textarea>\t\t\t\t<\/div>\n\t\t\t\t\t\t\t\t<div class=\"elementor-field-type-checkbox elementor-field-group elementor-column elementor-field-group-field_e73440d elementor-col-100\">\n\t\t\t\t\t<div class=\"elementor-field-subgroup  \"><span class=\"elementor-field-option\"><input type=\"checkbox\" value=\"Liityn uutiskirjetilaajaksi\" id=\"form-field-field_e73440d-0\" name=\"form_fields[field_e73440d]\"> <label for=\"form-field-field_e73440d-0\">Liityn uutiskirjetilaajaksi<\/label><\/span><\/div>\t\t\t\t<\/div>\n\t\t\t\t\t\t\t\t<div class=\"elementor-field-group elementor-column elementor-field-type-submit elementor-col-100 e-form__buttons\">\n\t\t\t\t\t<button class=\"elementor-button elementor-size-sm\" type=\"submit\">\n\t\t\t\t\t\t<span class=\"elementor-button-content-wrapper\">\n\t\t\t\t\t\t\t\t\t\t\t\t\t\t\t\t\t\t\t\t\t\t<span class=\"elementor-button-text\">L\u00e4het\u00e4<\/span>\n\t\t\t\t\t\t\t\t\t\t\t\t\t<\/span>\n\t\t\t\t\t<\/button>\n\t\t\t\t<\/div>\n\t\t\t<\/div>\n\t\t<\/form>\n\t\t\t\t\t\t<\/div>\n\t\t\t\t<\/div>\n\t\t\t\t\t<\/div>\n\t\t\t\t<\/div>\n\t\t\t\t<\/div>\n\t\t","protected":false},"excerpt":{"rendered":"<p>Ilmam\u00e4\u00e4r\u00e4s\u00e4\u00e4din (IMS) on automaattisesti toimiva laite, joka s\u00e4\u00e4t\u00e4\u00e4 ilmanvirtausta ilmanvaihtokanavassa optimaalisesti ja tarpeen mukaan. Se on olennainen osa muuttuvailmavirtaj\u00e4rjestelmi\u00e4 (VAV), joissa ilmanvaihtoa mukautetaan tilojen k\u00e4ytt\u00f6asteen perusteella. Ilmam\u00e4\u00e4r\u00e4s\u00e4\u00e4timen avulla voidaan hallita huonekohtaista ilmanvaihtoa tarkasti, mik\u00e4 edist\u00e4\u00e4 sek\u00e4 sis\u00e4ilman laadun parantumista ett\u00e4 energiatehokkuuden kasvua. e\u00b7VAV-ilmam\u00e4\u00e4r\u00e4s\u00e4\u00e4din\u00a0hy\u00f6dynt\u00e4\u00e4 ilmavirtaa oman toimintansa energial\u00e4hteen\u00e4.\u00a0T\u00e4m\u00e4 langaton, itsen\u00e4inen s\u00e4\u00e4t\u00f6laite sopii t\u00e4ydellisesti rakennuksiin, joissa halutaan [&hellip;]<\/p>\n","protected":false},"author":6,"featured_media":0,"parent":0,"menu_order":0,"comment_status":"closed","ping_status":"closed","template":"","meta":{"footnotes":""},"class_list":["post-3236","page","type-page","status-publish","hentry"],"_links":{"self":[{"href":"https:\/\/iml.fi\/en\/wp-json\/wp\/v2\/pages\/3236","targetHints":{"allow":["GET"]}}],"collection":[{"href":"https:\/\/iml.fi\/en\/wp-json\/wp\/v2\/pages"}],"about":[{"href":"https:\/\/iml.fi\/en\/wp-json\/wp\/v2\/types\/page"}],"author":[{"embeddable":true,"href":"https:\/\/iml.fi\/en\/wp-json\/wp\/v2\/users\/6"}],"replies":[{"embeddable":true,"href":"https:\/\/iml.fi\/en\/wp-json\/wp\/v2\/comments?post=3236"}],"version-history":[{"count":27,"href":"https:\/\/iml.fi\/en\/wp-json\/wp\/v2\/pages\/3236\/revisions"}],"predecessor-version":[{"id":3367,"href":"https:\/\/iml.fi\/en\/wp-json\/wp\/v2\/pages\/3236\/revisions\/3367"}],"wp:attachment":[{"href":"https:\/\/iml.fi\/en\/wp-json\/wp\/v2\/media?parent=3236"}],"curies":[{"name":"wp","href":"https:\/\/api.w.org\/{rel}","templated":true}]}}